{"id":1000,"date":"2025-05-20T12:22:58","date_gmt":"2025-05-20T12:22:58","guid":{"rendered":"https:\/\/doninu.eu\/?page_id=1000"},"modified":"2025-05-20T12:22:58","modified_gmt":"2025-05-20T12:22:58","slug":"buddism","status":"publish","type":"page","link":"https:\/\/doninu.eu\/?page_id=1000","title":{"rendered":"BUDDISM"},"content":{"rendered":"\n<div data-wp-interactive=\"core\/file\" class=\"wp-block-file\"><object data-wp-bind--hidden=\"!state.hasPdfPreview\" hidden class=\"wp-block-file__embed\" data=\"https:\/\/doninu.eu\/wp-content\/uploads\/2025\/05\/buddism.pdf\" type=\"application\/pdf\" style=\"width:100%;height:600px\" aria-label=\"Embed of buddism.\"><\/object><a id=\"wp-block-file--media-c835d7b4-5e31-411e-ae47-f20a32901d65\" href=\"https:\/\/doninu.eu\/wp-content\/uploads\/2025\/05\/buddism.pdf\">buddism<\/a><a href=\"https:\/\/doninu.eu\/wp-content\/uploads\/2025\/05\/buddism.pdf\" class=\"wp-block-file__button wp-element-button\" download aria-describedby=\"wp-block-file--media-c835d7b4-5e31-411e-ae47-f20a32901d65\">Download<\/a><\/div>\n\n\n\n<p><\/p>\n\n\n\n<section>\n  <h2>Guidance from Hinduism on Service, Love, and Helping Others<\/h2>\n  <h3>Gwida mill-Hindu dwar is-Servizz, l-Im\u0127abba u l-G\u0127ajnuna lil \u0126addie\u0127or<\/h3>\n\n  <article>\n    <h4>1. Selfless Service (Seva) \/ Servizz Ming\u0127ajr G\u0127a\u017cla<\/h4>\n    <blockquote>\n      <p><em>\u201cThe wise see that there is action in the midst of inaction and inaction in the midst of action. Their consciousness is unified, and every act is done with a sense of devotion.\u201d<\/em><br>\n      \u2014 <strong>Bhagavad Gita 4:18<\/strong><\/p>\n      <p><em>\u201cL-g\u0127erf jinnota li hemm azzjoni fil-qalb ta\u2019 nuqqas ta\u2019 azzjoni u nuqqas ta\u2019 azzjoni fil-qalb ta\u2019 azzjoni. Il-kuxjenza tag\u0127hom hija mmexxija u kull azzjoni ssir b\u2019sentiment ta\u2019 devotament.\u201d<\/em><\/p>\n    <\/blockquote>\n  <\/article>\n\n  <article>\n    <h4>2. Love and Compassion (Prema and Karuna) \/ Im\u0127abba u Kompassjoni<\/h4>\n    <blockquote>\n      <p><em>\u201cHe who sees the Supreme Lord dwelling equally in all beings, and who sees all beings in the Supreme Lord, never turns away from Him.\u201d<\/em><br>\n      \u2014 <strong>Bhagavad Gita 6:30<\/strong><\/p>\n      <p><em>\u201cMin jara lill-Alla Supreme jg\u0127ix fl-istess mod f\u2019kull \u0127ajtu u jara l-\u0127ajja kollha fil-Alla Supreme, qatt ma jdawwar lura minnu.\u201d<\/em><\/p>\n    <\/blockquote>\n  <\/article>\n\n  <article>\n    <h4>3. Helping Others and Dharma \/ G\u0127ajnuna lil \u0126addie\u0127or u d-Dharma<\/h4>\n    <blockquote>\n      <p><em>\u201cPerform your obligatory duty, because action is indeed better than inaction.\u201d<\/em><br>\n      \u2014 <strong>Bhagavad Gita 3:8<\/strong><\/p>\n      <p><em>\u201cAg\u0127mel id-dmir tieg\u0127ek ming\u0127ajr ma tistenna ri\u017cultat, g\u0127ax azzjoni hija a\u0127jar mill-inattivit\u00e0.\u201d<\/em><\/p>\n    <\/blockquote>\n  <\/article>\n\n  <article>\n    <h4>4. Unity in Service \/ L-G\u0127aqda fis-Servizz<\/h4>\n    <blockquote>\n      <p><em>\u201cThe whole world is a family.\u201d<\/em><br>\n      \u2014 <strong>Mahabharata<\/strong><\/p>\n      <p><em>\u201cId-dinja kollha hija familja wa\u0127da.\u201d<\/em><\/p>\n    <\/blockquote>\n  <\/article>\n\n  <article>\n    <h4>5. Charity and Giving (Dana) \/ Karit\u00e0 u Tif\u0127ir<\/h4>\n    <blockquote>\n      <p><em>\u201cOne should uplift the fallen, help the weak, and serve all beings without discrimination.\u201d<\/em><br>\n      \u2014 <strong>Manusmriti<\/strong><\/p>\n      <p><em>\u201cWie\u0127ed g\u0127andu jissa\u0127\u0127a\u0127 lil dawk li waqg\u0127u, jg\u0127in lill-foqra, u jservi lill-\u0127lejjaq kollha ming\u0127ajr differenza.\u201d<\/em><\/p>\n    <\/blockquote>\n  <\/article>\n\n  <section>\n    <h3>Summary \/ Sommarju<\/h3>\n    <p>\n      At <strong>Doninu (Malta) International<\/strong>, we are inspired by these sacred teachings to work selflessly, love unconditionally, and help others generously. We serve with humility, truth, and devotion, guided by the wisdom of ancient scriptures.<br>\n      <strong>Fil-Doninu (Malta) International<\/strong>, in\u0121ibdu ispirazzjoni minn dawn it-tag\u0127limiet sagri biex na\u0127dmu ming\u0127ajr interess personali, in\u0127obbu bla kundizzjonijiet, u ng\u0127inu lil \u0127addie\u0127or bil-\u0121enero\u017cit\u00e0. Nservu b\u2019umilt\u00e0, verit\u00e0, u dedikazzjoni, immexxija mill-g\u0127erf ta\u2019 skripts antiki.\n    <\/p>\n  <\/section>\n<\/section>\n","protected":false},"excerpt":{"rendered":"<p>Guidance from Hinduism on Service, Love, and Helping Others Gwida mill-Hindu dwar is-Servizz, l-Im\u0127abba u l-G\u0127ajnuna lil \u0126addie\u0127or 1. Selfless Service (Seva) \/ Servizz Ming\u0127ajr G\u0127a\u017cla \u201cThe wise see that there is action in the midst of inaction and inaction in the midst of action. Their consciousness is unified, and every act is done with &hellip; <\/p>\n<p class=\"link-more\"><a href=\"https:\/\/doninu.eu\/?page_id=1000\" class=\"more-link\">Continue reading<span class=\"screen-reader-text\"> &#8220;BUDDISM&#8221;<\/span><\/a><\/p>\n","protected":false},"author":1,"featured_media":0,"parent":0,"menu_order":0,"comment_status":"closed","ping_status":"closed","template":"","meta":{"footnotes":""},"class_list":["post-1000","page","type-page","status-publish","hentry"],"_links":{"self":[{"href":"https:\/\/doninu.eu\/index.php?rest_route=\/wp\/v2\/pages\/1000","targetHints":{"allow":["GET"]}}],"collection":[{"href":"https:\/\/doninu.eu\/index.php?rest_route=\/wp\/v2\/pages"}],"about":[{"href":"https:\/\/doninu.eu\/index.php?rest_route=\/wp\/v2\/types\/page"}],"author":[{"embeddable":true,"href":"https:\/\/doninu.eu\/index.php?rest_route=\/wp\/v2\/users\/1"}],"replies":[{"embeddable":true,"href":"https:\/\/doninu.eu\/index.php?rest_route=%2Fwp%2Fv2%2Fcomments&post=1000"}],"version-history":[{"count":1,"href":"https:\/\/doninu.eu\/index.php?rest_route=\/wp\/v2\/pages\/1000\/revisions"}],"predecessor-version":[{"id":1003,"href":"https:\/\/doninu.eu\/index.php?rest_route=\/wp\/v2\/pages\/1000\/revisions\/1003"}],"wp:attachment":[{"href":"https:\/\/doninu.eu\/index.php?rest_route=%2Fwp%2Fv2%2Fmedia&parent=1000"}],"curies":[{"name":"wp","href":"https:\/\/api.w.org\/{rel}","templated":true}]}}