{"id":1011,"date":"2025-05-20T12:43:34","date_gmt":"2025-05-20T12:43:34","guid":{"rendered":"https:\/\/doninu.eu\/?page_id=1011"},"modified":"2025-05-20T13:08:11","modified_gmt":"2025-05-20T13:08:11","slug":"laws-and-rules-of-knights","status":"publish","type":"page","link":"https:\/\/doninu.eu\/?page_id=1011","title":{"rendered":"Laws and Rules of Knights\u2019"},"content":{"rendered":"\n<section>\n  <h2>General Laws and Rules of Knights\u2019 Orders Worldwide<\/h2>\n\n  <h3>English Version<\/h3>\n  <ol>\n    <li><strong>Purpose and Mission<\/strong><br>\n        Knights\u2019 Orders are dedicated to humanitarian, charitable, religious, or chivalric missions. Their activities often include helping the vulnerable, promoting peace, and upholding moral values.<\/li>\n    <li><strong>Legal Status<\/strong><br>\n        Most recognized Orders have legal personality and operate as non-profit organizations or sovereign entities.<\/li>\n    <li><strong>Membership Requirements<\/strong><br>\n        Members must uphold high ethical standards, commit to the Order\u2019s values, and demonstrate dedication through service.<\/li>\n    <li><strong>Governance<\/strong><br>\n        Orders are governed by elected or appointed councils with clear rules for membership and discipline.<\/li>\n    <li><strong>Code of Conduct<\/strong><br>\n        Members pledge loyalty, confidentiality, and a commitment to justice and charity.<\/li>\n    <li><strong>Symbols and Insignia<\/strong><br>\n        Use of emblems and titles is protected by law; unauthorized use is prohibited.<\/li>\n    <li><strong>Financial Management<\/strong><br>\n        Orders follow strict non-profit financial practices with transparency and accountability.<\/li>\n    <li><strong>Relations with Governments<\/strong><br>\n        Orders cooperate with governments and institutions while respecting laws and maintaining autonomy.<\/li>\n    <li><strong>Legal Protections<\/strong><br>\n        Orders are protected under charity, religious, or international laws to safeguard their identity and activities.<\/li>\n  <\/ol>\n\n  <h3>Version bil-Malti<\/h3>\n  <ol>\n    <li><strong>G\u0127an u Missjoni<\/strong><br>\n        L-Ordni tal-Kavallieri huma ddedikati g\u0127al missjonijiet umanitarji, karitatevoli, reli\u0121ju\u017ci jew ta\u2019 \u0121ie\u0127. L-attivitajiet tag\u0127hom jinkludu l-g\u0127ajnuna lill-vulnerabbli, il-promozzjoni tal-pa\u010bi u l-manteniment tal-valuri morali.<\/li>\n    <li><strong>Stat Legali<\/strong><br>\n        L-Ordni mag\u0127rufa g\u0127andhom personalit\u00e0 legali u ja\u0127dmu b\u0127ala organizzazzjonijiet mhux ta\u2019 qlig\u0127 jew entitajiet sovrani.<\/li>\n    <li><strong>Rekwi\u017citi ta\u2019 Membri<\/strong><br>\n        Il-membri jridu j\u017commu standards et\u010bi g\u0127oljin, jimmiraw lejn il-valuri tal-Ordni, u juru dedikazzjoni permezz tas-servizz.<\/li>\n    <li><strong>Governanza<\/strong><br>\n        L-Ordni huma mmexxija minn kunsilli eletti jew appuntati b\u2019regoli \u010bari dwar il-membri u d-disiplina.<\/li>\n    <li><strong>Kodi\u010bi ta\u2019 Im\u0121ieba<\/strong><br>\n        Il-membri jweg\u0127du lealt\u00e0, kunfidenzjalit\u00e0, u impenju g\u0127all-\u0121ustizzja u l-karit\u00e0.<\/li>\n    <li><strong>Simboli u Insinjaturi<\/strong><br>\n        L-u\u017cu ta\u2019 emblemati u titli huwa protett bil-li\u0121i; l-u\u017cu ming\u0127ajr permess huwa pprojbiti.<\/li>\n    <li><strong>\u0120estjoni Finanzjarja<\/strong><br>\n        L-Ordni jimxu skont prattiki finanzjarji stretti ta\u2019 organizzazzjoni mhux ta\u2019 qlig\u0127 b\u2019trasparenza u responsabbilt\u00e0.<\/li>\n    <li><strong>Relazzjonijiet mal-Gvernijiet<\/strong><br>\n        L-Ordni jikkoperaw mal-gvernijiet u istituzzjonijiet filwaqt li jirrispettaw il-li\u0121ijiet u j\u017commu l-awtonomija tag\u0127hom.<\/li>\n    <li><strong>Protezzjonijiet Legali<\/strong><br>\n        L-Ordni huma protetti ta\u0127t li\u0121ijiet ta\u2019 karit\u00e0, reli\u0121ju\u017ci jew internazzjonali biex ji\u0121u salvagwardjati l-identit\u00e0 u l-attivitajiet tag\u0127hom.<\/li>\n  <\/ol>\n<\/section>\n\n\n\n<p><\/p>\n\n\n\n<section id=\"knights-values\" style=\"font-family: Arial, sans-serif; line-height: 1.6; max-width: 900px; margin: auto; padding: 20px;\">\n  <h2 style=\"text-align: center; color: #004080;\">Doninu (Malta) International and the Values of Knights Orders<\/h2>\n\n  <article>\n    <h3 style=\"color: #0066cc;\">English Version<\/h3>\n    <p>\n      Doninu (Malta) International believes above all in following the word of God, without fear or distortion of facts. For us, the only true Leader is God. Moreover, those who lead Doninu (Malta) International are humble servants of charity.\n    <\/p>\n    <h4>What do Knights Orders say about how we should work, love, and help others?<\/h4>\n    <p>\n      Knights Orders around the world have long upheld the values of honor, charity, and service to humanity. Their mission is to serve others selflessly, guided by faith and a strong moral compass.\n    <\/p>\n    <ul>\n      <li>Serving others with humility and devotion.<\/li>\n      <li>Upholding justice and defending the weak.<\/li>\n      <li>Acting with integrity, courage, and compassion.<\/li>\n      <li>Promoting peace, brotherhood, and charity.<\/li>\n    <\/ul>\n    <h4>Quotes from Knights Orders&#8217; ideals and traditions:<\/h4>\n    <blockquote style=\"font-style: italic; color: #333;\">\n      \u201cTo serve and protect, guided by faith and honor.\u201d<br>\n      \u201cCharity is the root of all knighthood.\u201d<br>\n      \u201cThe true strength of a Knight lies in love for God and for all mankind.\u201d\n    <\/blockquote>\n    <p>\n      These principles resonate deeply with us.\n    <\/p>\n    <p>\n      The Sovereign Military Order of Malta (SMOM) states:<br>\n      <em>\u201cThe Order of Malta is committed to serving the sick and the poor in the spirit of Christian charity.\u201d<\/em><br>\n      Their motto, <strong>\u201cTuitio Fidei et Obsequium Pauperum\u201d<\/strong> \u2014 \u201cDefense of the Faith and Assistance to the Poor\u201d \u2014 reflects their lifelong dedication.\n    <\/p>\n    <p>\n      Biblical inspiration shared by many Knights Orders includes:<br>\n      <em>\u201cEach of you should use whatever gift you have received to serve others, as faithful stewards of God\u2019s grace in its various forms.\u201d<\/em> (1 Peter 4:10)<br>\n      and<br>\n      <em>\u201cTruly I tell you, whatever you did for one of the least of these brothers and sisters of mine, you did for me.\u201d<\/em> (Matthew 25:40)\n    <\/p>\n    <p>\n      At Doninu (Malta) International, we live by these values, serving without fear or prejudice, always placing God as our Leader and ourselves as humble servants of charity.\n    <\/p>\n  <\/article>\n\n  <hr style=\"margin: 40px 0; border: 1px solid #ccc;\">\n\n  <article>\n    <h3 style=\"color: #0066cc;\">Ver\u017cjoni bil-Malti<\/h3>\n    <p>\n      Doninu (Malta) International qabel kollox jemmen li trid timxi ma\u2019 kliem Alla, ming\u0127ajr bi\u017ca\u2019 jew tag\u0127wieg ta\u2019 fatti. G\u0127alina l-uniku Mexxej veru huwa Alla. Barra minn hekk, dawk li jmexxu Doninu (Malta) International huma biss servituri umli tal-karit\u00e0.\n    <\/p>\n    <h4>X\u2019jg\u0127idu l-Ordni tal-Kavallieri dwar kif g\u0127andna na\u0127dmu, in\u0127obbu u ng\u0127inu lil \u0127addie\u0127or?<\/h4>\n    <p>\n      L-Ordni tal-Kavallieri madwar id-dinja dejjem \u017cammew il-valuri ta\u2019 \u0121ie\u0127, karit\u00e0 u servizz lejn l-umanit\u00e0. Il-missjoni tag\u0127hom hija li jservu lil \u0127addie\u0127or bil-qalb, immexxija bil-fidi u b\u2019kompass moral b\u2019sa\u0127\u0127tu.\n    <\/p>\n    <ul>\n      <li>Is-servizz lejn \u0127addie\u0127or b\u2019umilt\u00e0 u dedikazzjoni.<\/li>\n      <li>Li \u017commu l-\u0121ustizzja u jddefendu lill-fqar.<\/li>\n      <li>Li ja\u0121ixxu b\u2019integrit\u00e0, kura\u0121\u0121 u kompassjoni.<\/li>\n      <li>Il-promozzjoni tal-pa\u010bi, \u0127biberija u karit\u00e0.<\/li>\n    <\/ul>\n    <h4>Qwotazzjonijiet mill-ideali u tradizzjonijiet tal-Ordni tal-Kavallieri:<\/h4>\n    <blockquote style=\"font-style: italic; color: #333;\">\n      \u201cLi sservi u tipprote\u0121i, immexxi bil-fidi u \u0121ie\u0127.\u201d<br>\n      \u201cIl-karit\u00e0 hija s-sors tal-kavallerija kollha.\u201d<br>\n      \u201cIs-sa\u0127\u0127a vera ta\u2019 Kavallier tinsab fl-im\u0127abba lejn Alla u lejn l-umanit\u00e0 kollha.\u201d\n    <\/blockquote>\n    <p>\n      Dawn il-prin\u010bipji jmorru \u0127biberija profonda mag\u0127na.\n    <\/p>\n    <p>\n      L-Ordni Sovran Militari ta\u2019 Malta (SMOM) jg\u0127id:<br>\n      <em>&#8220;L-Ordni ta&#8217; Malta huwa ddedikat biex jservi lill-morda u lill-fqar bil-ispirtu tal-karit\u00e0 Nisranija.&#8221;<\/em><br>\n      Il-motto tag\u0127hom, <strong>\u201cTuitio Fidei et Obsequium Pauperum\u201d<\/strong> \u2014 \u201cDifi\u017ca tal-Fidi u G\u0127ajnuna lill-Fqar\u201d \u2014 jirrifletti dedikazzjoni ta\u2019 \u0127ajja.\n    <\/p>\n    <p>\n      Ispirazzjonijiet bibbli\u010bi li \u0127afna Ordni tal-Kavallieri jaqsmu huma:<br>\n      <em>&#8220;Kull wie\u0127ed minnkom g\u0127andu ju\u017ca dak il-kariga li r\u010bieva biex jservi lil \u0127addie\u0127or, b\u0127ala stewards leali tal-grazzja ta\u2019 Alla f\u2019forom differenti.&#8221;<\/em> (1 Pietru 4:10)<br>\n      u<br>\n      <em>&#8220;Verament ng\u0127idilkom, dak li g\u0127amiltu lil wie\u0127ed mill-inqas minn dawn \u0127uti u \u0127uti, g\u0127amiltu lili.&#8221;<\/em> (Matthew 25:40)\n    <\/p>\n    <p>\n      F\u2019Doninu (Malta) International, ng\u0127ixu skont dawn il-valuri, nservu ming\u0127ajr bi\u017ca jew pre\u0121udizzju, dejjem billi po\u0121\u0121ejna lil Alla b\u0127ala l-mexxej tag\u0127na u lilna nfusna b\u0127ala servituri umli tal-karit\u00e0.\n    <\/p>\n  <\/article>\n<\/section>\n\n\n\n<p><\/p>\n\n\n\n<!DOCTYPE html>\n<html lang=\"en\">\n<head>\n  <meta charset=\"UTF-8\">\n  <meta name=\"viewport\" content=\"width=device-width, initial-scale=1.0\">\n  <title>Servants of Charity (SoC) Statute<\/title>\n  <style>\n    body { font-family: Arial, sans-serif; margin: 20px; line-height: 1.6; background-color: #f9f9f9; color: #333; }\n    h1, h2 { color: #003366; }\n    .section { margin-bottom: 30px; }\n    .maltese, .english { margin-bottom: 10px; padding: 10px; border-left: 4px solid #006699; background-color: #ffffff; }\n    .maltese { font-weight: bold; }\n  <\/style>\n<\/head>\n<body>\n  <h1>Servants of Charity (SoC) \u2013 Statut Bilingwi<\/h1>\n\n  <div class=\"section\">\n    <div class=\"maltese\">1: G\u0127an u Missjoni<\/div>\n    <div class=\"english\">1: Purpose and Mission<\/div>\n    <div class=\"maltese\">L-SoC huma ddedikati g\u0127al missjonijiet umanitarji, karitatevoli, reli\u0121ju\u017ci jew ta\u2019 \u0121ie\u0127. L-attivitajiet tag\u0127hom jinkludu l-g\u0127ajnuna lill-vulnerabbli, il-promozzjoni tal-pa\u010bi u l-manteniment tal-valuri morali.<\/div>\n    <div class=\"english\">The SoC are dedicated to humanitarian, charitable, religious, or honorary missions. Their activities include assisting the vulnerable, promoting peace, and upholding moral values.<\/div>\n  <\/div>\n\n  <div class=\"section\">\n    <div class=\"maltese\">2: Stat Legali<\/div>\n    <div class=\"english\">2: Legal Status<\/div>\n    <div class=\"maltese\">L-Ordni mag\u0127rufa g\u0127andhom personalit\u00e0 legali u ja\u0127dmu b\u0127ala organizzazzjonijiet mhux ta\u2019 qlig\u0127 jew entitajiet sovrani.<\/div>\n    <div class=\"english\">The recognized Order has legal personality and operates as a non-profit organization or sovereign entity.<\/div>\n  <\/div>\n\n  <div class=\"section\">\n    <div class=\"maltese\">3: Rekwi\u017citi ta\u2019 Membri<\/div>\n    <div class=\"english\">3: Membership Requirements<\/div>\n    <div class=\"maltese\">Il-membri jridu j\u017commu standards et\u010bi g\u0127oljin u juru dedikazzjoni permezz tas-servizz. Ma g\u0127andu jithallas l-ebda \u0127las biex int til\u0127aq membru.<\/div>\n    <div class=\"english\">Members must uphold high ethical standards and demonstrate dedication through service. No payment is required to become a member.<\/div>\n  <\/div>\n\n  <div class=\"section\">\n    <div class=\"maltese\">4: Governanza<\/div>\n    <div class=\"english\">4: Governance<\/div>\n    <div class=\"maltese\">SoC hija mmexxija minn kunsilli eletti jew appuntati. Huma diretti ta\u0127t it-tmexxija ta\u2019 Doninu (Malta) International.<\/div>\n    <div class=\"english\">The SoC is governed by elected or appointed councils. They operate under the leadership of Doninu (Malta) International.<\/div>\n  <\/div>\n\n  <div class=\"section\">\n    <div class=\"maltese\">5: Kodi\u010bi ta\u2019 Im\u0121ieba<\/div>\n    <div class=\"english\">5: Code of Conduct<\/div>\n    <div class=\"maltese\">Il-membri jweg\u0127du lealt\u00e0, kunfidenzjalit\u00e0, u impenn g\u0127all-\u0121ustizzja u l-karit\u00e0.<\/div>\n    <div class=\"english\">Members pledge loyalty, confidentiality, and a commitment to justice and charity.<\/div>\n  <\/div>\n\n  <div class=\"section\">\n    <div class=\"maltese\">6: Simboli u Insinjaturi<\/div>\n    <div class=\"english\">6: Symbols and Insignia<\/div>\n    <div class=\"maltese\">L-u\u017cu ta\u2019 emblemati u titli huwa protett bil-li\u0121i. Flok titlu ta\u2019 Kavallier quddiem l-isem, g\u0127andna SoC wara l-isem biex nuru servizz lejn l-o\u0127rajn.<\/div>\n    <div class=\"english\">Use of emblems and titles is legally protected. Instead of &#8216;Chev.&#8217; before the name, we use &#8216;SoC&#8217; after the name to signify service to others.<\/div>\n  <\/div>\n\n  <div class=\"section\">\n    <div class=\"maltese\">7: \u0120estjoni Finanzjarja<\/div>\n    <div class=\"english\">7: Financial Management<\/div>\n    <div class=\"maltese\">SoC ma ji\u0121brux fondi, ma g\u0127andhomx kontijiet bankarji, u ma jorganizzawx attivitajiet kummer\u010bjali. Isegwu l-istatut ta\u2019 Doninu (Malta) International.<\/div>\n    <div class=\"english\">SoC does not collect funds, maintain bank accounts, or organize commercial activities. They follow the statute of Doninu (Malta) International.<\/div>\n  <\/div>\n\n  <div class=\"section\">\n    <div class=\"maltese\">8: Relazzjonijiet ma\u2019 Kul\u0127add<\/div>\n    <div class=\"english\">8: Relationships with All<\/div>\n    <div class=\"maltese\">L-SoC g\u0127andhom relazzjoni tajba ma\u2019 kul\u0127add u istituzzjonijiet, filwaqt li jirrispettaw il-li\u0121ijiet u j\u017commu l-awtonomija tag\u0127hom.<\/div>\n    <div class=\"english\">The SoC maintains good relations with everyone and institutions, while respecting laws and maintaining their autonomy.<\/div>\n  <\/div>\n\n  <div class=\"section\">\n    <div class=\"maltese\">9: Protezzjonijiet Legali<\/div>\n    <div class=\"english\">9: Legal Protections<\/div>\n    <div class=\"maltese\">L-SoC huma protetti ta\u0127t li\u0121ijiet nazzjonali, reli\u0121ju\u017ci jew internazzjonali biex ji\u0121u salvagwardjati l-identit\u00e0 u l-attivitajiet tag\u0127hom.<\/div>\n    <div class=\"english\">The SoC is protected under national, religious, or international laws to safeguard their identity and activities.<\/div>\n  <\/div>\n\n<\/body>\n<\/html>\n","protected":false},"excerpt":{"rendered":"<p>General Laws and Rules of Knights\u2019 Orders Worldwide English Version Purpose and Mission Knights\u2019 Orders are dedicated to humanitarian, charitable, religious, or chivalric missions. Their activities often include helping the vulnerable, promoting peace, and upholding moral values. Legal Status Most recognized Orders have legal personality and operate as non-profit organizations or sovereign entities. Membership Requirements &hellip; <\/p>\n<p class=\"link-more\"><a href=\"https:\/\/doninu.eu\/?page_id=1011\" class=\"more-link\">Continue reading<span class=\"screen-reader-text\"> &#8220;Laws and Rules of Knights\u2019&#8221;<\/span><\/a><\/p>\n","protected":false},"author":1,"featured_media":0,"parent":0,"menu_order":0,"comment_status":"closed","ping_status":"closed","template":"","meta":{"footnotes":""},"class_list":["post-1011","page","type-page","status-publish","hentry"],"_links":{"self":[{"href":"https:\/\/doninu.eu\/index.php?rest_route=\/wp\/v2\/pages\/1011","targetHints":{"allow":["GET"]}}],"collection":[{"href":"https:\/\/doninu.eu\/index.php?rest_route=\/wp\/v2\/pages"}],"about":[{"href":"https:\/\/doninu.eu\/index.php?rest_route=\/wp\/v2\/types\/page"}],"author":[{"embeddable":true,"href":"https:\/\/doninu.eu\/index.php?rest_route=\/wp\/v2\/users\/1"}],"replies":[{"embeddable":true,"href":"https:\/\/doninu.eu\/index.php?rest_route=%2Fwp%2Fv2%2Fcomments&post=1011"}],"version-history":[{"count":2,"href":"https:\/\/doninu.eu\/index.php?rest_route=\/wp\/v2\/pages\/1011\/revisions"}],"predecessor-version":[{"id":1014,"href":"https:\/\/doninu.eu\/index.php?rest_route=\/wp\/v2\/pages\/1011\/revisions\/1014"}],"wp:attachment":[{"href":"https:\/\/doninu.eu\/index.php?rest_route=%2Fwp%2Fv2%2Fmedia&parent=1011"}],"curies":[{"name":"wp","href":"https:\/\/api.w.org\/{rel}","templated":true}]}}