{"id":1434,"date":"2025-06-29T12:14:07","date_gmt":"2025-06-29T12:14:07","guid":{"rendered":"https:\/\/doninu.eu\/?page_id=1434"},"modified":"2025-06-29T12:43:49","modified_gmt":"2025-06-29T12:43:49","slug":"donations-of-things","status":"publish","type":"page","link":"https:\/\/doninu.eu\/?page_id=1434","title":{"rendered":"DONATIONS OF THINGS"},"content":{"rendered":"\n<p><strong>Po\u017cizzjoni Legali ta\u2019 Doninu (Malta) International<\/strong><\/p>\n\n\n\n<p>Doninu (Malta) International hija organizzazzjoni volontarja mhux re\u0121istrata mal-Kummissarju g\u0127all-Organizzazzjonijiet Volontarji (OCVO) g\u0127ax:<\/p>\n\n\n\n<ul class=\"wp-block-list\">\n<li><strong>Ma ti\u0121borx flus jew donazzjonijiet finanzjarji<\/strong>;<\/li>\n\n\n\n<li><strong>Ma topera l-ebda kont bankarju<\/strong>;<\/li>\n\n\n\n<li><strong>Ma tag\u0127milx attivitajiet kummer\u010bjali<\/strong>;<\/li>\n\n\n\n<li><strong>Ma titlobx u lanqas tir\u010bievi g\u0127ajnuna mill-Gvern<\/strong>.<\/li>\n<\/ul>\n\n\n\n<p>Dan huwa konformi ma\u2019 <strong>Artikolu 10(1)<\/strong> tal-Att dwar Organizzazzjonijiet Volontarji (Kap. 492 tal-Li\u0121ijiet ta\u2019 Malta), li jiddikjara li entitajiet b\u0127al Doninu mhumiex obbligati li jirre\u0121istraw jekk jaqg\u0127u ta\u0127t l-e\u010b\u010bezzjonijiet indikati.<\/p>\n\n\n\n<p>Barra minn hekk, l-attivitajiet ta\u2019 Doninu jikkonformaw ma\u2019:<\/p>\n\n\n\n<ul class=\"wp-block-list\">\n<li><strong>Il-Kostituzzjoni ta\u2019 Malta<\/strong> (Artikolu 41 \u2013 libert\u00e0 ta\u2019 espressjoni u g\u0127aqda);<\/li>\n\n\n\n<li><strong>Il-Konvenzjoni tan-NU dwar id-Drittijiet tal-Persuni b\u2019Di\u017cabilit\u00e0<\/strong> (Artikoli 4(3), 13 u 16);<\/li>\n\n\n\n<li><strong>Il-Karta tad-Drittijiet Fundamentali tal-UE<\/strong> (Artikoli 11, 21 u 26);<\/li>\n\n\n\n<li><strong>Il-Kodi\u010bi \u010aivili Malti (Kap. 16)<\/strong> \u2013 Ftehim ta\u2019 self legali u mhux kummer\u010bjali.<\/li>\n<\/ul>\n\n\n\n<p>G\u0127alhekk, kull min jir\u010bievi o\u0121\u0121ett minn Doninu (Malta) International g\u0127andu jifhem li qed jir\u010bievi dan skont li\u0121ijiet nazzjonali u internazzjonali, u jrid jirrispetta l-ispirtu ta\u2019 solidarjet\u00e0 u mhux kummer\u010bjalizzazzjoni.<\/p>\n\n\n\n<hr class=\"wp-block-separator has-alpha-channel-opacity\"\/>\n\n\n\n<p><strong>Ma\u0127ru\u0121 minn Doninu (Malta) International<\/strong><br><a href=\"http:\/\/www.doninumalta.org\">www.doninumalta.org<\/a> | <a>doninumalta@gmail.com<\/a> | Tel: +356 7979 3332<\/p>\n\n\n\n<div data-wp-interactive=\"core\/file\" class=\"wp-block-file aligncenter\"><object data-wp-bind--hidden=\"!state.hasPdfPreview\" hidden class=\"wp-block-file__embed\" data=\"https:\/\/doninu.eu\/wp-content\/uploads\/2025\/06\/FTEHIM-TA-UZU-GHAL-UZU-PERSONALI-BBAZAT-FUQ-FIDUCJA.pdf\" type=\"application\/pdf\" style=\"width:100%;height:600px\" aria-label=\"Embed of FTEHIM TA\u2019 U\u017bU G\u0126AL U\u017bU PERSONALI BBA\u017bAT FUQ FIDU\u010aJA.\"><\/object><a id=\"wp-block-file--media-89fdd19c-efb0-47eb-a081-67134c6406af\" href=\"https:\/\/doninu.eu\/wp-content\/uploads\/2025\/06\/FTEHIM-TA-UZU-GHAL-UZU-PERSONALI-BBAZAT-FUQ-FIDUCJA.pdf\">FTEHIM TA\u2019 U\u017bU G\u0126AL U\u017bU PERSONALI BBA\u017bAT FUQ FIDU\u010aJA<\/a><a href=\"https:\/\/doninu.eu\/wp-content\/uploads\/2025\/06\/FTEHIM-TA-UZU-GHAL-UZU-PERSONALI-BBAZAT-FUQ-FIDUCJA.pdf\" class=\"wp-block-file__button wp-element-button\" download aria-describedby=\"wp-block-file--media-89fdd19c-efb0-47eb-a081-67134c6406af\">Download<\/a><\/div>\n\n\n\n<div class=\"wp-block-file\"><a id=\"wp-block-file--media-8107fbfc-0d5f-47f0-9e6d-c0b8f84545ae\" href=\"https:\/\/doninu.eu\/wp-content\/uploads\/2025\/06\/FTEHIM-TA-UZU-GHAL-UZU-PERSONALI-BBAZAT-FUQ-FIDUCJA.docx\">FTEHIM TA\u2019 U\u017bU G\u0126AL U\u017bU PERSONALI BBA\u017bAT FUQ FIDU\u010aJA (WORD FORMAT)<\/a><a href=\"https:\/\/doninu.eu\/wp-content\/uploads\/2025\/06\/FTEHIM-TA-UZU-GHAL-UZU-PERSONALI-BBAZAT-FUQ-FIDUCJA.docx\" class=\"wp-block-file__button wp-element-button\" download aria-describedby=\"wp-block-file--media-8107fbfc-0d5f-47f0-9e6d-c0b8f84545ae\">Download<\/a><\/div>\n\n\n\n<h3 class=\"wp-block-heading\"><strong>Legal Standing of Doninu (Malta) International<\/strong><\/h3>\n\n\n\n<p>Doninu (Malta) International is a <strong>voluntary, non-commercial initiative<\/strong> that is <strong>not subject to mandatory registration<\/strong> under the Office of the Commissioner for Voluntary Organisations (OCVO) because:<\/p>\n\n\n\n<ul class=\"wp-block-list\">\n<li>It <strong>does not collect or solicit money or financial donations<\/strong>;<\/li>\n\n\n\n<li>It <strong>does not operate any bank accounts<\/strong>;<\/li>\n\n\n\n<li>It <strong>does not engage in economic or commercial activity<\/strong>;<\/li>\n\n\n\n<li>It <strong>does not apply for or receive public funding from the Government<\/strong>.<\/li>\n<\/ul>\n\n\n\n<p>This is fully compliant with <strong>Article 10(1)<\/strong> of the Voluntary Organisations Act (Chapter 492 of the Laws of Malta), which exempts organisations from registration where such conditions apply.<\/p>\n\n\n\n<p>Additionally, all activities of Doninu are carried out in full alignment with:<\/p>\n\n\n\n<ul class=\"wp-block-list\">\n<li><strong>The Constitution of Malta<\/strong> \u2013 especially Article 41 (freedom of expression and association);<\/li>\n\n\n\n<li><strong>The UN Convention on the Rights of Persons with Disabilities (UN CRPD)<\/strong> \u2013 Articles 4(3), 13, and 16;<\/li>\n\n\n\n<li><strong>The EU Charter of Fundamental Rights<\/strong> \u2013 particularly Articles 11, 21, and 26;<\/li>\n\n\n\n<li><strong>The Civil Code of Malta (Chapter 16)<\/strong> \u2013 governing legally valid loan-for-use (commodatum) arrangements for non-commercial purposes.<\/li>\n<\/ul>\n\n\n\n<p>Accordingly, anyone receiving an item from Doninu (Malta) International should understand that this occurs fully within national and international legal frameworks, and commit to respecting the <strong>principle of non-commercial redistribution<\/strong> in the interest of vulnerable individuals and families.<\/p>\n\n\n\n<hr class=\"wp-block-separator has-alpha-channel-opacity\"\/>\n\n\n\n<p><strong>Issued by Doninu (Malta) International<\/strong><br><a class=\"\" href=\"http:\/\/www.doninumalta.org\">www.doninumalta.eu<\/a> | <a>doninumalta@gmail.com<\/a> | Tel: +356 7979 3332<\/p>\n\n\n\n<div data-wp-interactive=\"core\/file\" class=\"wp-block-file aligncenter\"><object data-wp-bind--hidden=\"!state.hasPdfPreview\" hidden class=\"wp-block-file__embed\" data=\"https:\/\/doninu.eu\/wp-content\/uploads\/2025\/06\/TRUST-BASED-NON-COMMERCIAL-USE-AGREEMENT.pdf\" type=\"application\/pdf\" style=\"width:100%;height:600px\" aria-label=\"Embed of TRUST-BASED NON-COMMERCIAL USE AGREEMENT.\"><\/object><a id=\"wp-block-file--media-55a3bd8d-2464-4dd3-a556-42797598cd34\" href=\"https:\/\/doninu.eu\/wp-content\/uploads\/2025\/06\/TRUST-BASED-NON-COMMERCIAL-USE-AGREEMENT.pdf\">TRUST-BASED NON-COMMERCIAL USE AGREEMENT<\/a><a href=\"https:\/\/doninu.eu\/wp-content\/uploads\/2025\/06\/TRUST-BASED-NON-COMMERCIAL-USE-AGREEMENT.pdf\" class=\"wp-block-file__button wp-element-button\" download aria-describedby=\"wp-block-file--media-55a3bd8d-2464-4dd3-a556-42797598cd34\">Download<\/a><\/div>\n\n\n\n<div class=\"wp-block-file\"><a id=\"wp-block-file--media-69320812-cabd-4087-935a-63f780985341\" href=\"https:\/\/doninu.eu\/wp-content\/uploads\/2025\/06\/TRUST-BASED-NON-COMMERCIAL-USE-AGREEMENT.docx\">TRUST-BASED NON-COMMERCIAL USE AGREEMENT (WORD FORMAT)<\/a><a href=\"https:\/\/doninu.eu\/wp-content\/uploads\/2025\/06\/TRUST-BASED-NON-COMMERCIAL-USE-AGREEMENT.docx\" class=\"wp-block-file__button wp-element-button\" download aria-describedby=\"wp-block-file--media-69320812-cabd-4087-935a-63f780985341\">Download<\/a><\/div>\n\n\n\n<p><\/p>\n\n\n\n<h2 class=\"wp-block-heading\"><strong>1. Status Legali ta\u2019 Doninu (Malta) International ta\u0127t il-Li\u0121i Maltija<\/strong><\/h2>\n\n\n\n<h3 class=\"wp-block-heading\">\u25aa Kapitolu 492 \u2013 Att dwar l-Organizzazzjonijiet Volontarji<\/h3>\n\n\n\n<p><strong>Artikolu 10(1)<\/strong> jg\u0127id \u010bar li organizzazzjoni mhix obbligata tirre\u0121istra jekk:<\/p>\n\n\n\n<blockquote class=\"wp-block-quote is-layout-flow wp-block-quote-is-layout-flow\">\n<p>\u201c&#8230;ma tir\u010bievix fondi, ma ti\u0121borx donazzjonijiet fi flus, ma twettaqx attivitajiet ekonomi\u010bi, u ma topera l-ebda kont bankarju.\u201d<\/p>\n<\/blockquote>\n\n\n\n<p><strong>Doninu (Malta) International<\/strong>:<\/p>\n\n\n\n<ul class=\"wp-block-list\">\n<li>Ma ti\u0121borx flus;<\/li>\n\n\n\n<li>Ma topera l-ebda kont bankarju;<\/li>\n\n\n\n<li>Ma tag\u0127milx bejg\u0127 jew skambju ta\u2019 flus;<\/li>\n\n\n\n<li>Ma tie\u0127ux fondi pubbli\u010bi jew privati fi flus.<\/li>\n<\/ul>\n\n\n\n<p><strong>Konklu\u017cjoni:<\/strong> Doninu (Malta) International <strong>mhix su\u0121\u0121etta<\/strong> g\u0127al re\u0121istrazzjoni obbligatorja. L-attivit\u00e0 tag\u0127ha ta\u2019 <strong>distribuzzjoni ta\u2019 g\u0127amara u tag\u0127mir<\/strong> mhijiex ta\u2019 natura kummer\u010bjali u g\u0127alhekk m\u2019hemmx <strong>ksur ta\u2019 Kap. 492<\/strong>.<\/p>\n\n\n\n<hr class=\"wp-block-separator has-alpha-channel-opacity\"\/>\n\n\n\n<h2 class=\"wp-block-heading\"><strong>2. Validit\u00e0 tal-Ftehim ta\u2019 Self u U\u017cu Biss Personali<\/strong><\/h2>\n\n\n\n<h3 class=\"wp-block-heading\">\u25aa Kodi\u010bi \u010aivili ta\u2019 Malta \u2013 Kapitolu 16<\/h3>\n\n\n\n<p><strong>Artikoli 1814\u20131822<\/strong> jirregolaw il-kuntratt mag\u0127ruf b\u0127ala <strong>\u201ccommodatum\u201d<\/strong> jew <strong>\u201cself tal-o\u0121\u0121etti bla \u0127las\u201d<\/strong>:<\/p>\n\n\n\n<ul class=\"wp-block-list\">\n<li>Il-kuntratt jista\u2019 jsir <strong>verbalment jew bil-miktub<\/strong>;<\/li>\n\n\n\n<li>L-o\u0121\u0121etti jing\u0127ataw <strong>bla \u0127las<\/strong>;<\/li>\n\n\n\n<li>Il-persuna li tir\u010bievi l-o\u0121\u0121etti trid tu\u017cahom b\u2019kura u <strong>ter\u0121a\u2019 tirritornahom<\/strong> meta ma jibqg\u0127ux me\u0127tie\u0121a;<\/li>\n\n\n\n<li>Jekk il-benefi\u010bjarju jmiss o\u0121\u0121etti b\u2019mod mhux permess (ji\u0121ifieri jbieg\u0127hom), dan jista\u2019 jikkostitwixxi <strong>ksur tal-kuntratt<\/strong> u jag\u0127ti lok g\u0127al azzjoni \u010bivili.<\/li>\n<\/ul>\n\n\n\n<p><strong>Konklu\u017cjoni:<\/strong> Il-ftehim li Doninu (Malta) International qed tag\u0127mel <strong>kollox  kompletament legali u validu<\/strong> ta\u0127t il-Kodi\u010bi \u010aivili b\u0127ala self <strong>non-kummer\u010bjali<\/strong>.<\/p>\n\n\n\n<hr class=\"wp-block-separator has-alpha-channel-opacity\"\/>\n\n\n\n<h2 class=\"wp-block-heading\"><strong>3. Konformit\u00e0 mal-Li\u0121ijiet u Standard Internazzjonali<\/strong><\/h2>\n\n\n\n<h3 class=\"wp-block-heading\">\u25aa <strong>UN CRPD (Konvenzjoni tan-NU dwar id-Drittijiet tal-Persuni b\u2019Di\u017cabilit\u00e0)<\/strong><\/h3>\n\n\n\n<ul class=\"wp-block-list\">\n<li><strong>Artikolu 4(3):<\/strong> Jiddikjara li l-Gvern g\u0127andu jinvolvi NGOs fl-implimentazzjoni u supervi\u017cjoni tad-drittijiet ta\u2019 persuni b\u2019di\u017cabilit\u00e0.<\/li>\n\n\n\n<li><strong>Artikolu 13:<\/strong> A\u010b\u010bess g\u0127al \u0121ustizzja; Doninu ( Malta) International g\u0127andha dritt tipprovdi g\u0127ajnuna volontarja lil persuni vulnerabbli.<\/li>\n\n\n\n<li><strong>Artikolu 16:<\/strong> Protezzjoni kontra sfruttament u abbu\u017c \u2013 Doninu (Malta) International tikkontribwixxi direttament g\u0127al dan permezz ta\u2019 tag\u0127mir assistiv.<\/li>\n<\/ul>\n\n\n\n<h3 class=\"wp-block-heading\">\u25aa <strong>Karta tad-Drittijiet Fundamentali tal-UE<\/strong><\/h3>\n\n\n\n<ul class=\"wp-block-list\">\n<li><strong>Artikolu 11:<\/strong> Libert\u00e0 ta\u2019 espressjoni u g\u0127aqda \u2013 Doninu (Malta) International  g\u0127andha dritt te\u017cisti barra re\u0121istrazzjoni jekk tissodisfa l-kriterji.<\/li>\n\n\n\n<li><strong>Artikolu 26:<\/strong> Inklu\u017cjoni ta\u2019 persuni b\u2019di\u017cabilit\u00e0 \u2013 Attivitajiet ta\u2019 g\u0127ajnuna b\u2019dan il-mod huma <strong>meqjusa b\u0127ala tajba u promossi<\/strong>.<\/li>\n<\/ul>\n\n\n\n<p><strong>Konklu\u017cjoni:<\/strong> L-attivitajiet ta\u2019 Doninu (Malta) International <strong>mhux biss legali<\/strong>, imma wkoll <strong>favur id-drittijiet fundamentali<\/strong> internazzjonali.<\/p>\n\n\n\n<hr class=\"wp-block-separator has-alpha-channel-opacity\"\/>\n\n\n\n<h2 class=\"wp-block-heading\"><strong>4.  G\u0127andna Ba\u017ci Legali Soda<\/strong><\/h2>\n\n\n\n<ul class=\"wp-block-list\">\n<li><strong>M\u2019hemm ebda ksur tal-Kap. 492<\/strong>: Doninu (Malta) International  tikkwalifika g\u0127al <strong>e\u010b\u010bezzjoni skont l-Art. 10(1)<\/strong>.<\/li>\n\n\n\n<li><strong>Il-ftehim li qed jintu\u017ca mhuwiex kuntratt kummer\u010bjali<\/strong>: Huwa <strong>ftehim ta\u2019 self<\/strong>, li huwa <strong>permess mil-li\u0121i \u010bivili<\/strong>.<\/li>\n\n\n\n<li><strong>Ma jkunx hemm infurzar fiskali, li\u010benzjar jew penali<\/strong> sakemm l-o\u0121\u0121etti ma jintu\u017cawx b\u2019g\u0127an ta\u2019 qlig\u0127.<\/li>\n<\/ul>\n\n\n\n<h2 class=\"wp-block-heading\"><strong>Konklu\u017cjoni Finali<\/strong><\/h2>\n\n\n\n<p>Doninu (Malta) International qed topera b\u2019mod:<\/p>\n\n\n\n<ul class=\"wp-block-list\">\n<li><strong>Totalment legali ta\u0127t il-li\u0121ijiet Maltin<\/strong>;<\/li>\n\n\n\n<li><strong>Konformi mal-konvenzjonijiet internazzjonali<\/strong>;<\/li>\n\n\n\n<li><strong>Trasparenti, mhux kummer\u010bjali, u fuq prin\u010bipji ta\u2019 fidu\u010bja u solidarjet\u00e0<\/strong>.<\/li>\n<\/ul>\n\n\n\n<p><strong>M\u2019hemmx b\u017conn ta\u2019 re\u0121istrazzjoni mal-OCVO<\/strong> u <strong>m\u2019hemm l-ebda ksur ta\u2019 li\u0121ijiet nazzjonali jew internazzjonali<\/strong>.<\/p>\n\n\n\n<h2 class=\"wp-block-heading alignwide\" id=\"we-re-a-studio-in-berlin-with-an-international-practice-in-architecture-urban-planning-and-interior-design-we-believe-in-sharing-knowledge-and-promoting-dialogue-to-increase-the-creative-potential-of-collaboration\" style=\"font-size:48px;line-height:1.1\"><strong>English<\/strong><\/h2>\n\n\n\n<h2 class=\"wp-block-heading\">LEGAL REPORT: COMPLIANCE OF DONINU (MALTA) INTERNATIONAL&#8217;S NON-COMMERCIAL TRUST AGREEMENT<\/h2>\n\n\n\n<h3 class=\"wp-block-heading\">Subject: Legal Review of the Trust-Based Personal Use Framework of Doninu (Malta) International<\/h3>\n\n\n\n<hr class=\"wp-block-separator has-alpha-channel-opacity\"\/>\n\n\n\n<h3 class=\"wp-block-heading\"><strong>1. Organisational Status Under Maltese Law<\/strong><\/h3>\n\n\n\n<h4 class=\"wp-block-heading\">1.1 Chapter 492 \u2013 Voluntary Organisations Act (VO Act)<\/h4>\n\n\n\n<p>According to <strong>Article 10(1)<\/strong> of the VO Act (Cap. 492 of the Laws of Malta):<\/p>\n\n\n\n<blockquote class=\"wp-block-quote is-layout-flow wp-block-quote-is-layout-flow\">\n<p>\u201cAn organisation shall not be required to register under this Act if it does not receive funds, collect monetary donations, carry out economic activities, or operate any bank account.\u201d<\/p>\n<\/blockquote>\n\n\n\n<p><strong>Doninu (Malta) International<\/strong>:<\/p>\n\n\n\n<ul class=\"wp-block-list\">\n<li>Does <strong>not collect monetary donations<\/strong>;<\/li>\n\n\n\n<li>Does <strong>not operate any bank account<\/strong>;<\/li>\n\n\n\n<li>Engages in <strong>no economic or commercial activity<\/strong>;<\/li>\n\n\n\n<li>Receives <strong>no governmental or institutional funding<\/strong>;<\/li>\n\n\n\n<li>Functions entirely on <strong>non-monetary donations<\/strong>, such as food, clothing, medical equipment, and furniture.<\/li>\n<\/ul>\n\n\n\n<p><strong>Conclusion<\/strong>: Doninu (Malta) International falls squarely within the statutory exemption of Article 10(1) and is <strong>not required to register<\/strong> under the Voluntary Organisations Act.<\/p>\n\n\n\n<hr class=\"wp-block-separator has-alpha-channel-opacity\"\/>\n\n\n\n<h3 class=\"wp-block-heading\"><strong>2. Validity of the Trust-Based Use Agreement Under Civil Law<\/strong><\/h3>\n\n\n\n<h4 class=\"wp-block-heading\">2.1 Civil Code of Malta (Chapter 16) \u2013 <em>Loan for Use<\/em> (Commodatum)<\/h4>\n\n\n\n<p>Articles <strong>1814\u20131822<\/strong> of the Maltese Civil Code regulate the <strong>loan of movables for free use<\/strong>, known as <em>commodatum<\/em>.<\/p>\n\n\n\n<p>Key Provisions:<\/p>\n\n\n\n<ul class=\"wp-block-list\">\n<li>A <strong>written or verbal agreement<\/strong> is permitted;<\/li>\n\n\n\n<li>The lender provides the item <strong>free of charge<\/strong>;<\/li>\n\n\n\n<li>The borrower must <strong>return the object<\/strong> once it is no longer needed;<\/li>\n\n\n\n<li>The item must be used <strong>for the agreed purpose only<\/strong>;<\/li>\n\n\n\n<li>If the item is misused (e.g. sold), this constitutes a <strong>civil breach<\/strong> of contract.<\/li>\n<\/ul>\n\n\n\n<p><strong>Conclusion<\/strong>: Doninu\u2019s agreement is a <strong>valid legal instrument<\/strong> under Maltese civil law. There is no breach as long as the recipient adheres to the terms (non-commercial, personal use, and returns when no longer needed).<\/p>\n\n\n\n<hr class=\"wp-block-separator has-alpha-channel-opacity\"\/>\n\n\n\n<h3 class=\"wp-block-heading\"><strong>3. International Legal Compliance<\/strong><\/h3>\n\n\n\n<h4 class=\"wp-block-heading\">3.1 United Nations Convention on the Rights of Persons with Disabilities (UN CRPD)<\/h4>\n\n\n\n<p>Ratified by Malta in 2012. Relevant provisions:<\/p>\n\n\n\n<ul class=\"wp-block-list\">\n<li><strong>Article 4(3)<\/strong>: States must ensure involvement of NGOs in disability rights frameworks;<\/li>\n\n\n\n<li><strong>Article 13<\/strong>: Guarantees access to justice and social support for persons with disabilities;<\/li>\n\n\n\n<li><strong>Article 16<\/strong>: Protection against exploitation, violence and abuse.<\/li>\n<\/ul>\n\n\n\n<p>Doninu\u2019s activity\u2014offering assistive devices and support\u2014is entirely aligned with these obligations, not contrary to them.<\/p>\n\n\n\n<h4 class=\"wp-block-heading\">3.2 EU Charter of Fundamental Rights<\/h4>\n\n\n\n<ul class=\"wp-block-list\">\n<li><strong>Article 11<\/strong> \u2013 Freedom of Expression and Association: protects the right to form unregistered non-profits if their structure is lawful;<\/li>\n\n\n\n<li><strong>Article 26<\/strong> \u2013 Integration of persons with disabilities: calls for promotion of independent living and inclusion;<\/li>\n\n\n\n<li><strong>Article 21<\/strong> \u2013 Non-discrimination: forbids any unjustified targeting of NGOs based on how they are structured.<\/li>\n<\/ul>\n\n\n\n<p><strong>Conclusion<\/strong>: Doninu\u2019s framework supports EU disability goals and fundamental freedoms. There is <strong>no infringement of European or international law<\/strong>.<\/p>\n\n\n\n<hr class=\"wp-block-separator has-alpha-channel-opacity\"\/>\n\n\n\n<h3 class=\"wp-block-heading\"><strong>4. Activities of Doninu (Malta) International<\/strong><\/h3>\n\n\n\n<p>The organisation:<\/p>\n\n\n\n<ul class=\"wp-block-list\">\n<li>Does <strong>not profit<\/strong> from any of its operations;<\/li>\n\n\n\n<li>Distributes assistive goods like wheelchairs, stair lifts, and household appliances <strong>free of charge<\/strong>;<\/li>\n\n\n\n<li>Operates under <strong>a written trust-based agreement<\/strong> which prohibits resale;<\/li>\n\n\n\n<li>Accepts <strong>no payment<\/strong>, avoids misuse, and maintains clear ethical safeguards;<\/li>\n\n\n\n<li>Documents donations and recipients with <strong>written acknowledgment<\/strong> to ensure accountability.<\/li>\n<\/ul>\n\n\n\n<p>All of these practices align with:<\/p>\n\n\n\n<ul class=\"wp-block-list\">\n<li><strong>Ethical humanitarian standards<\/strong>;<\/li>\n\n\n\n<li><strong>Civil contract principles<\/strong>;<\/li>\n\n\n\n<li><strong>Transparent non-commercial operations<\/strong>.<\/li>\n<\/ul>\n\n\n\n<hr class=\"wp-block-separator has-alpha-channel-opacity\"\/>\n\n\n\n<h3 class=\"wp-block-heading\"><strong>5. Allegations or Accusations from Authorities<\/strong><\/h3>\n\n\n\n<p>If any Maltese authority (e.g., CVO or AG) suggests that Doninu is \u201cbreaking the law\u201d due to lack of registration, such claim:<\/p>\n\n\n\n<ul class=\"wp-block-list\">\n<li>Must be backed by specific <strong>legal basis and evidence<\/strong>;<\/li>\n\n\n\n<li>Must be subject to <strong>fair hearing<\/strong> as guaranteed under <strong>Article 39 of the Constitution of Malta<\/strong> and <strong>Article 6 of the ECHR<\/strong>;<\/li>\n\n\n\n<li>Cannot be used as <strong>administrative intimidation<\/strong>, especially when no law was broken.<\/li>\n<\/ul>\n\n\n\n<p>If such claims are shared with other organisations <strong>without due process<\/strong>, it may constitute:<\/p>\n\n\n\n<ul class=\"wp-block-list\">\n<li><strong>Defamation or administrative malfeasance<\/strong>;<\/li>\n\n\n\n<li><strong>Breach of data protection<\/strong>;<\/li>\n\n\n\n<li><strong>Violation of Article 8 ECHR (private life)<\/strong>;<\/li>\n\n\n\n<li><strong>Violation of Malta\u2019s Public Administration Act (Cap. 595)<\/strong> which requires <strong>fair and transparent conduct<\/strong>.<\/li>\n<\/ul>\n\n\n\n<h3 class=\"wp-block-heading\"><strong>Final Legal Assessment<\/strong><\/h3>\n\n\n\n<p><strong>Doninu (Malta) International<\/strong> is:<\/p>\n\n\n\n<ul class=\"wp-block-list\">\n<li><strong>Fully compliant with Maltese law (Cap. 492 and Cap. 16)<\/strong>;<\/li>\n\n\n\n<li><strong>Not breaking any administrative, civil, or criminal law<\/strong>;<\/li>\n\n\n\n<li><strong>Operating within international rights frameworks (UN CRPD, EU Charter)<\/strong>;<\/li>\n\n\n\n<li>Engaged in <strong>transparent, altruistic, and documented humanitarian work<\/strong>.<\/li>\n<\/ul>\n\n\n\n<p>No registration is required. No unlawful act has occurred. The organisation\u2019s model is <strong>an example of lawful, grassroots solidarity<\/strong>.<\/p>\n","protected":false},"excerpt":{"rendered":"<p>Po\u017cizzjoni Legali ta\u2019 Doninu (Malta) International Doninu (Malta) International hija organizzazzjoni volontarja mhux re\u0121istrata mal-Kummissarju g\u0127all-Organizzazzjonijiet Volontarji (OCVO) g\u0127ax: Dan huwa konformi ma\u2019 Artikolu 10(1) tal-Att dwar Organizzazzjonijiet Volontarji (Kap. 492 tal-Li\u0121ijiet ta\u2019 Malta), li jiddikjara li entitajiet b\u0127al Doninu mhumiex obbligati li jirre\u0121istraw jekk jaqg\u0127u ta\u0127t l-e\u010b\u010bezzjonijiet indikati. Barra minn hekk, l-attivitajiet ta\u2019 Doninu &hellip; <\/p>\n<p class=\"link-more\"><a href=\"https:\/\/doninu.eu\/?page_id=1434\" class=\"more-link\">Continue reading<span class=\"screen-reader-text\"> &#8220;DONATIONS OF THINGS&#8221;<\/span><\/a><\/p>\n","protected":false},"author":1,"featured_media":0,"parent":0,"menu_order":0,"comment_status":"closed","ping_status":"closed","template":"","meta":{"footnotes":""},"class_list":["post-1434","page","type-page","status-publish","hentry"],"_links":{"self":[{"href":"https:\/\/doninu.eu\/index.php?rest_route=\/wp\/v2\/pages\/1434","targetHints":{"allow":["GET"]}}],"collection":[{"href":"https:\/\/doninu.eu\/index.php?rest_route=\/wp\/v2\/pages"}],"about":[{"href":"https:\/\/doninu.eu\/index.php?rest_route=\/wp\/v2\/types\/page"}],"author":[{"embeddable":true,"href":"https:\/\/doninu.eu\/index.php?rest_route=\/wp\/v2\/users\/1"}],"replies":[{"embeddable":true,"href":"https:\/\/doninu.eu\/index.php?rest_route=%2Fwp%2Fv2%2Fcomments&post=1434"}],"version-history":[{"count":3,"href":"https:\/\/doninu.eu\/index.php?rest_route=\/wp\/v2\/pages\/1434\/revisions"}],"predecessor-version":[{"id":1443,"href":"https:\/\/doninu.eu\/index.php?rest_route=\/wp\/v2\/pages\/1434\/revisions\/1443"}],"wp:attachment":[{"href":"https:\/\/doninu.eu\/index.php?rest_route=%2Fwp%2Fv2%2Fmedia&parent=1434"}],"curies":[{"name":"wp","href":"https:\/\/api.w.org\/{rel}","templated":true}]}}