{"id":2543,"date":"2026-01-26T14:44:43","date_gmt":"2026-01-26T14:44:43","guid":{"rendered":"https:\/\/doninu.eu\/?page_id=2543"},"modified":"2026-02-01T09:10:52","modified_gmt":"2026-02-01T09:10:52","slug":"professionals","status":"publish","type":"page","link":"https:\/\/doninu.eu\/?page_id=2543","title":{"rendered":"PROFESSIONALS"},"content":{"rendered":"\n<p>Dear Friends,<\/p>\n\n\n\n<p>This page is dedicated to professionals such as lawyers, doctors, psychiatrists, notaries, and other specialists who have chosen to offer discounted services to vulnerable individuals and families. The aim is to prevent further hardship and to avoid deepening poverty among those who are already struggling.<\/p>\n\n\n\n<p>This initiative was created to reduce suffering, especially that of children. Too many families today do not even have enough food to eat, and as a result, they are left not only without professional support, but also facing severe food insecurity for themselves and their children.<\/p>\n\n\n\n<p>From the bottom of my heart, I would like to sincerely thank all the professionals who have worked hand in hand with us. Through this collective effort, we can truly make a difference and offer real support to vulnerable persons in our society.<\/p>\n\n\n\n<p>Doninu (Malta) International is obliged to provide the full list of participating professionals. The final decision on whom to contact always remains entirely in the hands of the individual seeking assistance.<\/p>\n\n\n\n<p>Thank you sincerely for your solidarity and compassion.<\/p>\n\n\n\n<p>Yours faithfully,<br><strong>Pierre Calleja<\/strong><br>Leader<br><strong>Doninu (Malta) International<\/strong><\/p>\n\n\n\n<p>Hawn guida <strong>prattika u \u0121enerali dwar il\u2011&#8221;charges&#8221; \/ tariffs li jintu\u017caw fis\u2011servizzi legali f\u2019Malta<\/strong> permezz tal\u2011avukati u kif ja\u0127dmu l\u2011\u0127lasijiet g\u0127all\u2011pro\u010beduri, inklu\u017c g\u0127all\u2011g\u0127oti ta\u2019 dokumenti u pro\u010beduri b\u0127all\u2011rikorsi u d\u2011dikjarazzjonijiet (b\u0127al separazzjonijiet jew divorzju):<\/p>\n\n\n\n<h2 class=\"wp-block-heading\">1. \u0126lasijiet u Tariffs Regolati fil\u2011Li\u0121i<\/h2>\n\n\n\n<h3 class=\"wp-block-heading\">Tariffa E \u2013 Lawyer\u2019s Fees (Tariffi g\u0127all\u2011Avukati)<\/h3>\n\n\n\n<ul class=\"wp-block-list\">\n<li>Il\u2011\u0127lasijiet li avukati jista\u2019 jitolbu huma <strong>regolati primarjament mit\u2011Tariffa E<\/strong> tal\u2011<strong>Code of Organisation and Civil Procedure (Cap. 12 tal\u2011Li\u0121ijiet ta\u2019 Malta)<\/strong>.<\/li>\n\n\n\n<li>Din tipprovdi tariffi ba\u017ci\u010bi g\u0127al servizzi legali\u2014g\u0127alkemm l\u2011avukati jistg\u0127u jaqblu fuq tariffi differenti mal\u2011klijent, skont il\u2011komplessit\u00e0 tal\u2011ka\u017c, l\u2011esperjenza u \u0127in involut.<\/li>\n\n\n\n<li>Il\u2011Kamra tal\u2011Avukati wkoll tirreferi li avukati jistg\u0127u jistabbilixxu \u0127lasijiet bil\u2011qbil mal\u2011klijent minflok billi japplikaw perfettament it\u2011Tariffa E, sakemm ma jikkontraddux il\u2011li\u0121i (\u0127lief xi pro\u010beduri spe\u010bifi\u010bi).<\/li>\n<\/ul>\n\n\n\n<p><strong>In\u2011nota:<\/strong> Dan ifisser li <strong>m\u2019hemmx lista wa\u0127da uniformi u uffi\u010bjali ppubblikata g\u0127all\u2011pubbliku kollu<\/strong> g\u0127as\u2011servizzi kollha (b\u0127al \u201c\u20ac X biex tiftah rikors\u201d jew \u201c\u20ac Y g\u0127all\u2011sentenza\u201d). Id\u2011determinazzjoni tal\u2011prezz finali normalment ti\u0121i ffirmata bejnavukat u klijent.<\/p>\n\n\n\n<h2 class=\"wp-block-heading\">2. Tipi ta\u2019 \u0126lasijiet u Meta Jid\u0127lu<\/h2>\n\n\n\n<h3 class=\"wp-block-heading\">A. <strong>Registry Fees (Court Fees)<\/strong><\/h3>\n\n\n\n<p>Dawn huma \u0127lasijiet li <strong>jrid jintalbu lill\u2011Qrati meta jin\u0121abru dokumenti jew jin\u0127olqu kaw\u017ci<\/strong>:<\/p>\n\n\n\n<ul class=\"wp-block-list\">\n<li>\u0120eneralment hemm tariffi fissi g\u0127all\u2011<strong>registrazzjoni tal\u2011ka\u017c fil\u2011Qorti<\/strong> u o\u0127rajn g\u0127all\u2011<strong>servizz ta\u2019 notificazzjonijiet<\/strong>.<\/li>\n\n\n\n<li>E\u017cempju (g\u0127all\u2011ka\u017c konstituzzjonali jew pro\u010beduri kostituzzjonali):<br>\u2022 Applikazzjoni \u2013 madwar \u20ac58.53<br>\u2022 Registry Fee \u2013 madwar \u20ac58.23<br>\u2022 Servizz ta\u2019 notificazzjoni \u2013 madwar \u20ac6.99<\/li>\n<\/ul>\n\n\n\n<h3 class=\"wp-block-heading\">B. <strong>Fees tal\u2011Avukat<\/strong><\/h3>\n\n\n\n<p>Avukati jistg\u0127u jaqblu mal\u2011klijent fuq:<\/p>\n\n\n\n<ul class=\"wp-block-list\">\n<li><strong>Tariffa fissa<\/strong> g\u0127all\u2011ka\u017c kollu jew g\u0127al parti minnha (b\u0127al preparazzjoni u sottomissjoni ta\u2019 rikors).<\/li>\n\n\n\n<li><strong>Rata skont il\u2011\u0127in<\/strong> (per hour) jew ba\u017ci o\u0127ra maqbulin fil\u2011kontratt.<\/li>\n<\/ul>\n\n\n\n<h3 class=\"wp-block-heading\">C. <strong>Disbursements u Spejje\u017c O\u0127ra<\/strong><\/h3>\n\n\n\n<p>Il\u2011klijent j\u0127allas ukoll spiss:<\/p>\n\n\n\n<ul class=\"wp-block-list\">\n<li>\u0126lasijiet g\u0127al <strong>kopji u stampa<\/strong><\/li>\n\n\n\n<li><strong>Posta u servizz ta\u2019 dokumenti<\/strong><\/li>\n\n\n\n<li><strong>Interpreter \/ traduzzjoni tal\u2011dokument<\/strong><br>Dawn jistg\u0127u jkunu skont tariffi addizzjonali (b\u0127al \u20ac4.66 g\u0127al kopja jew \u20ac11.65\u2011\u20ac58.23 g\u0127all\u2011translator\/interpreter), skont id\u2011dispo\u017cizzjonijiet tal\u2011li\u0121i.<\/li>\n<\/ul>\n\n\n\n<h2 class=\"wp-block-heading\">3. E\u017cempji Komuni ta\u2019 Fees (Indicattivi)<\/h2>\n\n\n\n<figure class=\"wp-block-table\"><table class=\"has-fixed-layout\"><thead><tr><th>Servizz \/ Fee<\/th><th>Nota<\/th><\/tr><\/thead><tbody><tr><td>Registry fee fuq applikazzjoni \u0121dida (kaw\u017ca \u010bivili\/konstituzzjonali)<\/td><td>\u2248 \u20ac58\u2011\u20ac60<\/td><\/tr><tr><td>Servizz ta\u2019 notificazzjoni<\/td><td>\u2248 \u20ac6\u2011\u20ac7<\/td><\/tr><tr><td>Affidavit<\/td><td>\u2248 \u20ac23.29<\/td><\/tr><tr><td>Kopji u Prints<\/td><td>\u2248 \u20ac4.66 \u2011 skont \u0127in u ammont<\/td><\/tr><tr><td>Traduzzjoni \/ interpreter fees<\/td><td>\u2248 \u20ac11.65 \u2011 \u20ac58.23 \u2011 skont ir\u2011Re\u0121istratur tal\u2011Qrati<\/td><\/tr><tr><td>Lawyer professional fee<\/td><td>Skont qbil bejn avukat u klijent (m\u2019hemmx figuri fissi obbligatorji g\u0127al kul\u0127add)<\/td><\/tr><\/tbody><\/table><\/figure>\n\n\n\n<p>Fil\u2011fatt, <strong>divorzju u separazzjoni<\/strong>: il\u2011Kamra tal\u2011Avukati qasmet li tariffi rakkomandati jistg\u0127u jkunu madwar \u20ac580 g\u0127all\u2011separazzjoni u \u20ac930 g\u0127all\u2011separazzjoni kunsenswali skont gwidi antiki, i\u017cda dawn <strong>jistg\u0127u jkunu og\u0127la jew inqas billi jikkonvennu bejniethom<\/strong> mal\u2011avukat tieg\u0127ek, u mhux obbligatorji.<\/p>\n\n\n\n<h2 class=\"wp-block-heading\">4. X\u2019G\u0127andek Tistabbilixxi mal\u2011Avukat Qabel Tibda<\/h2>\n\n\n\n<p>Meta tmur g\u0127and avukat, huwa prattika tajba li ssib ftehim miktub li jkopri:<\/p>\n\n\n\n<ol class=\"wp-block-list\">\n<li><strong>Servizz spe\u010bifiku<\/strong> (e\u017c. tift\u0127il\u2011rikors, preparazzjoni tal\u2011sentenza, rappre\u017centanza fil\u2011Qorti).<\/li>\n\n\n\n<li><strong>Tariffa totali jew rata skont il\u2011\u0127in<\/strong>.<\/li>\n\n\n\n<li><strong>Meta u kif ji\u0121u ppagati fees u disbursements.<\/strong><\/li>\n\n\n\n<li><strong>Spjegazzjoni ta\u2019 spejje\u017c o\u0127ra (stampi, posta, servizz ta\u2019 notifika).<\/strong><\/li>\n<\/ol>\n\n\n\n<h2 class=\"wp-block-heading\">5. Legal Aid \/ G\u0127ajnuna Legali<\/h2>\n\n\n\n<p>Jekk ma tistax taffordja avukat, tista\u2019 tapplika g\u0127all\u2011<strong>g\u0127ajnuna legali<\/strong> mill\u2011A\u0121enzija g\u0127all\u2011G\u0127ajnuna Legali ta\u2019 Malta. Jekk tkun eli\u0121ibbli, \u0127afna spejje\u017c tvaraw imisshom il\u2011gvern, u g\u0127andek avukat assenjat ming\u0127ajr tariffi jew b\u2019\u0127las \u017cg\u0127ir.<\/p>\n\n\n\n<hr class=\"wp-block-separator has-alpha-channel-opacity\"\/>\n\n\n\n<h3 class=\"wp-block-heading\">Sommarju<\/h3>\n\n\n\n<ul class=\"wp-block-list\">\n<li>Il\u2011fees tal\u2011avukati <strong>mhumiex kollha fissi<\/strong> \u2013 huma <strong>regolati prin\u010bipalment mit\u2011Tariffa E<\/strong> imma spiss ji\u0121u maqbulin mal\u2011klijent.<\/li>\n\n\n\n<li>Hemm fees <strong>uffi\u010bjali g\u0127all\u2011qorti<\/strong> (registry, notificazzjonijiet, affidavits) skont il\u2011li\u0121i.<\/li>\n\n\n\n<li>Tista\u2019 <strong>tispe\u010bifika kollox f\u2019kontratt miktub<\/strong> qabel tibda xog\u0127ol legali.<\/li>\n<\/ul>\n","protected":false},"excerpt":{"rendered":"<p>Dear Friends, This page is dedicated to professionals such as lawyers, doctors, psychiatrists, notaries, and other specialists who have chosen to offer discounted services to vulnerable individuals and families. The aim is to prevent further hardship and to avoid deepening poverty among those who are already struggling. This initiative was created to reduce suffering, especially &hellip; <\/p>\n<p class=\"link-more\"><a href=\"https:\/\/doninu.eu\/?page_id=2543\" class=\"more-link\">Continue reading<span class=\"screen-reader-text\"> &#8220;PROFESSIONALS&#8221;<\/span><\/a><\/p>\n","protected":false},"author":1,"featured_media":0,"parent":0,"menu_order":0,"comment_status":"closed","ping_status":"closed","template":"","meta":{"footnotes":""},"class_list":["post-2543","page","type-page","status-publish","hentry"],"_links":{"self":[{"href":"https:\/\/doninu.eu\/index.php?rest_route=\/wp\/v2\/pages\/2543","targetHints":{"allow":["GET"]}}],"collection":[{"href":"https:\/\/doninu.eu\/index.php?rest_route=\/wp\/v2\/pages"}],"about":[{"href":"https:\/\/doninu.eu\/index.php?rest_route=\/wp\/v2\/types\/page"}],"author":[{"embeddable":true,"href":"https:\/\/doninu.eu\/index.php?rest_route=\/wp\/v2\/users\/1"}],"replies":[{"embeddable":true,"href":"https:\/\/doninu.eu\/index.php?rest_route=%2Fwp%2Fv2%2Fcomments&post=2543"}],"version-history":[{"count":3,"href":"https:\/\/doninu.eu\/index.php?rest_route=\/wp\/v2\/pages\/2543\/revisions"}],"predecessor-version":[{"id":2582,"href":"https:\/\/doninu.eu\/index.php?rest_route=\/wp\/v2\/pages\/2543\/revisions\/2582"}],"wp:attachment":[{"href":"https:\/\/doninu.eu\/index.php?rest_route=%2Fwp%2Fv2%2Fmedia&parent=2543"}],"curies":[{"name":"wp","href":"https:\/\/api.w.org\/{rel}","templated":true}]}}