{"id":2661,"date":"2026-03-27T09:36:13","date_gmt":"2026-03-27T09:36:13","guid":{"rendered":"https:\/\/doninu.eu\/?page_id=2661"},"modified":"2026-03-28T04:17:13","modified_gmt":"2026-03-28T04:17:13","slug":"christmas","status":"publish","type":"page","link":"https:\/\/doninu.eu\/?page_id=2661","title":{"rendered":"CHRISTMAS"},"content":{"rendered":"\n<h1 class=\"wp-block-heading\"><strong>CHRISTMAS SONGS ALBUM<\/strong><\/h1>\n\n\n\n<figure class=\"wp-block-image size-large\"><img loading=\"lazy\" decoding=\"async\" width=\"1024\" height=\"683\" src=\"https:\/\/doninu.eu\/wp-content\/uploads\/2026\/03\/6d3e72e2-9d7b-4bee-bc5a-2481021cde9f-1024x683.png\" alt=\"\" class=\"wp-image-2662\" srcset=\"https:\/\/doninu.eu\/wp-content\/uploads\/2026\/03\/6d3e72e2-9d7b-4bee-bc5a-2481021cde9f-1024x683.png 1024w, https:\/\/doninu.eu\/wp-content\/uploads\/2026\/03\/6d3e72e2-9d7b-4bee-bc5a-2481021cde9f-300x200.png 300w, https:\/\/doninu.eu\/wp-content\/uploads\/2026\/03\/6d3e72e2-9d7b-4bee-bc5a-2481021cde9f-768x512.png 768w, https:\/\/doninu.eu\/wp-content\/uploads\/2026\/03\/6d3e72e2-9d7b-4bee-bc5a-2481021cde9f.png 1536w\" sizes=\"auto, (max-width: 767px) 89vw, (max-width: 1000px) 54vw, (max-width: 1071px) 543px, 580px\" \/><\/figure>\n\n\n\n<h2 class=\"wp-block-heading\"><strong><mark style=\"background-color:rgba(0, 0, 0, 0)\" class=\"has-inline-color has-vivid-red-color\">These songs are written by Pierre Calleja.<br>Music and arrangements by Doninu Malta Studios (Media).<\/mark><\/strong><\/h2>\n\n\n\n<h1 class=\"wp-block-heading\"><strong>MASTRU KOLA \u2013 IL-MILIED MALTI  (2026)<\/strong> <\/h1>\n\n\n\n<p>Din is-sena <strong>2026<\/strong>,<br><strong>Doninu (Malta) International<\/strong> se jintrodu\u010bi uffi\u010bjalment<br>ix-Xi\u0127 tal-Milied Malti \u2014 <strong>MASTRU KOLA<\/strong>.<\/p>\n\n\n\n<p>Wara snin twal jg\u0127ix fin-<strong>North Pole<\/strong>,<br>MASTRU KOLA issa rritorna lura lejn<br><strong>art twelidu \u2014 Malta<\/strong>,<br>biex jer\u0121a\u2019 jqassam il-fer\u0127, l-im\u0127abba u t-tama<br>lit-tfal Maltin u G\u0127awdxin kollha.<\/p>\n\n\n\n<hr class=\"wp-block-separator has-alpha-channel-opacity\"\/>\n\n\n\n<h1 class=\"wp-block-heading\"><strong>LEGENDA ANTIKA<\/strong><\/h1>\n\n\n\n<p>Skont kitba misterju\u017ca li nstabet<br>f\u2019<strong>skroll antik \u0121ewwa tubu tal-fu\u0127\u0127ar issi\u0121illat<\/strong>,<br>misjub fil-<strong>Hypogeum ta\u2019 Malta<\/strong>,<\/p>\n\n\n\n<p>jidher \u010bar li:<\/p>\n\n\n\n<p>L-ewwel \u201cFather Christmas\u201d fid-dinja<br>kien <strong>Malti<\/strong>.<\/p>\n\n\n\n<p>Ismu kien: <strong>MASTRU KOLA<\/strong> (ghal San NIKOLA)<br>\u2014 mag\u0127ruf ukoll b\u0127ala<br><strong>il-bu\u017c bu\u017c nannu ta\u2019 Mastru Kola tal-lum<\/strong>.<\/p>\n\n\n\n<hr class=\"wp-block-separator has-alpha-channel-opacity\"\/>\n\n\n\n<h1 class=\"wp-block-heading\"><strong>IL-LIBSA TAL-MILIED \u2013 ORI\u0120INI MALTIJA<\/strong><\/h1>\n\n\n\n<p>Il-legenda turi wkoll li:<\/p>\n\n\n\n<p>Il-kuluri klassi\u010bi tax Xih tal-Milied \u2014 <strong>a\u0127mar u abjad<\/strong><br>ma \u0121ewx minn barra\u2026<\/p>\n\n\n\n<p>i\u017cda huma ispirati direttament mill-<br><strong>bandiera ta\u2019 Malta<\/strong>.<\/p>\n\n\n\n<p>G\u0127alhekk, il-\u201cFather Christmas\u201d tad-dinja kollha<br>\u017cammu dawn il-kuluri sal-lum \u2014<br>b\u0127ala tifkira mo\u0127bija tal-ori\u0121ini Maltija tieg\u0127u.<\/p>\n\n\n\n<hr class=\"wp-block-separator has-alpha-channel-opacity\"\/>\n\n\n\n<h1 class=\"wp-block-heading\"><strong>IL-MILIED 2026 \u2013 IL-\u0120RAJJA LI SE TIBQA\u2019 FL-ISTORJA<\/strong><\/h1>\n\n\n\n<p>Dan il-Milied:<\/p>\n\n\n\n<p>Fit-toroq ta\u2019 Malta u G\u0127awdex<br>Fost it-tfal u l-familji<br>F\u2019nofs il-fer\u0127 u l-mu\u017cika<\/p>\n\n\n\n<p>Se ner\u0121g\u0127u naraw lil<br><strong>MASTRU KOLA<\/strong><br>\u0127aj u pre\u017centi fostna.<\/p>\n\n\n\n<p>Dan kollu grazzi g\u0127al:<\/p>\n\n\n\n<p><strong>Doninu (Malta) International<\/strong><br>li re\u0121a\u2019 \u0121abu lura biex ikun<br>ma\u2019 kull tifel u tifla li jemmen<br>fil-Milied tradizzjonali Malti.<\/p>\n\n\n\n<hr class=\"wp-block-separator has-alpha-channel-opacity\"\/>\n\n\n\n<h1 class=\"wp-block-heading\"><strong>DISKI TAL-MILIED 2026<\/strong>.<\/h1>\n\n\n\n<p>Biex nilqg\u0127u dan il-mument storiku,<br>Doninu qed jo\u0127loq serje ta\u2019<br><strong>kanzunetti u diski tal-Milied<\/strong><\/p>\n\n\n\n<p> mimlija fer\u0127<br>mu\u017cika ferrieha festiva<br>vu\u010bijiet tat-tfal<br> u l-ispirtu veru tal-Milied Malti<\/p>\n\n\n\n<hr class=\"wp-block-separator has-alpha-channel-opacity\"\/>\n\n\n\n<h1 class=\"wp-block-heading\"><strong>MESSA\u0120\u0120<\/strong><\/h1>\n\n\n\n<p>Il-Milied mhuwiex biss festa\u2026<br>Huwa <strong>identit\u00e0, im\u0127abba u g\u0127aqda<\/strong> fejn twiled Gesu Bambin f&#8217;nofsna<\/p>\n\n\n\n<p>U din is-sena:<br><strong>Malta qed tie\u0127u lura dak li hu tag\u0127ha.<\/strong><\/p>\n\n\n\n<h1 class=\"wp-block-heading\"><strong>MASTRU KOLA<\/strong><\/h1>\n\n\n\n<h1 class=\"wp-block-heading\"><strong>KANZUNETTI: ( SONG) <\/strong><\/h1>\n\n\n<div class=\"wp-block-image\">\n<figure class=\"aligncenter size-medium is-resized\"><img loading=\"lazy\" decoding=\"async\" width=\"200\" height=\"300\" src=\"https:\/\/doninu.eu\/wp-content\/uploads\/2026\/03\/ChatGPT-Image-Mar-24-2026-11_34_32-AM-200x300.png\" alt=\"\" class=\"wp-image-2666\" style=\"width:200px;height:auto\" srcset=\"https:\/\/doninu.eu\/wp-content\/uploads\/2026\/03\/ChatGPT-Image-Mar-24-2026-11_34_32-AM-200x300.png 200w, https:\/\/doninu.eu\/wp-content\/uploads\/2026\/03\/ChatGPT-Image-Mar-24-2026-11_34_32-AM-683x1024.png 683w, https:\/\/doninu.eu\/wp-content\/uploads\/2026\/03\/ChatGPT-Image-Mar-24-2026-11_34_32-AM-768x1152.png 768w, https:\/\/doninu.eu\/wp-content\/uploads\/2026\/03\/ChatGPT-Image-Mar-24-2026-11_34_32-AM.png 1024w\" sizes=\"auto, (max-width: 200px) 100vw, 200px\" \/><\/figure>\n<\/div>\n\n\n<figure class=\"wp-block-audio\"><audio controls src=\"https:\/\/doninu.eu\/wp-content\/uploads\/2026\/03\/MASTRU-KOLA.mp3\"><\/audio><\/figure>\n\n\n\n<figure class=\"wp-block-audio\"><audio controls src=\"https:\/\/doninu.eu\/wp-content\/uploads\/2026\/03\/MASTRU-KOLA-1.mp3\"><\/audio><\/figure>\n\n\n<div class=\"wp-block-image\">\n<figure class=\"aligncenter size-medium\"><img loading=\"lazy\" decoding=\"async\" width=\"200\" height=\"300\" src=\"https:\/\/doninu.eu\/wp-content\/uploads\/2026\/03\/ChatGPT-Image-Mar-25-2026-03_50_08-AM-200x300.png\" alt=\"\" class=\"wp-image-2663\" srcset=\"https:\/\/doninu.eu\/wp-content\/uploads\/2026\/03\/ChatGPT-Image-Mar-25-2026-03_50_08-AM-200x300.png 200w, https:\/\/doninu.eu\/wp-content\/uploads\/2026\/03\/ChatGPT-Image-Mar-25-2026-03_50_08-AM-683x1024.png 683w, https:\/\/doninu.eu\/wp-content\/uploads\/2026\/03\/ChatGPT-Image-Mar-25-2026-03_50_08-AM-768x1152.png 768w, https:\/\/doninu.eu\/wp-content\/uploads\/2026\/03\/ChatGPT-Image-Mar-25-2026-03_50_08-AM.png 1024w\" sizes=\"auto, (max-width: 200px) 100vw, 200px\" \/><\/figure>\n<\/div>\n\n\n<figure class=\"wp-block-audio aligncenter\"><audio controls src=\"https:\/\/doninu.eu\/wp-content\/uploads\/2026\/03\/CHRISTMAS-OF-MY-CHILDHOOD-MALTA-SONG.mp3\"><\/audio><\/figure>\n\n\n\n<figure class=\"wp-block-audio\"><audio controls src=\"https:\/\/doninu.eu\/wp-content\/uploads\/2026\/03\/CHRISTMAS-OF-MY-CHILDHOOD-MALTA-SONG-1.mp3\"><\/audio><\/figure>\n\n\n<div class=\"wp-block-image\">\n<figure class=\"aligncenter size-medium\"><img loading=\"lazy\" decoding=\"async\" width=\"300\" height=\"300\" src=\"https:\/\/doninu.eu\/wp-content\/uploads\/2026\/03\/ChatGPT-Image-Mar-26-2026-06_36_16-AM-300x300.png\" alt=\"\" class=\"wp-image-2669\" srcset=\"https:\/\/doninu.eu\/wp-content\/uploads\/2026\/03\/ChatGPT-Image-Mar-26-2026-06_36_16-AM-300x300.png 300w, https:\/\/doninu.eu\/wp-content\/uploads\/2026\/03\/ChatGPT-Image-Mar-26-2026-06_36_16-AM-150x150.png 150w, https:\/\/doninu.eu\/wp-content\/uploads\/2026\/03\/ChatGPT-Image-Mar-26-2026-06_36_16-AM-768x768.png 768w, https:\/\/doninu.eu\/wp-content\/uploads\/2026\/03\/ChatGPT-Image-Mar-26-2026-06_36_16-AM-100x100.png 100w, https:\/\/doninu.eu\/wp-content\/uploads\/2026\/03\/ChatGPT-Image-Mar-26-2026-06_36_16-AM.png 1024w\" sizes=\"auto, (max-width: 300px) 100vw, 300px\" \/><\/figure>\n<\/div>\n\n\n<figure class=\"wp-block-audio\"><audio controls src=\"https:\/\/doninu.eu\/wp-content\/uploads\/2026\/03\/JINGLE-BELLS-WITH-MASTRU-KOLA-DONINU-MALTA-\u2013-SONG.mp3\"><\/audio><\/figure>\n\n\n\n<figure class=\"wp-block-audio\"><audio controls src=\"https:\/\/doninu.eu\/wp-content\/uploads\/2026\/03\/JINGLE-BELLS-WITH-MASTRU-KOLA-DONINU-MALTA-\u2013-SONG-1.mp3\"><\/audio><\/figure>\n\n\n<div class=\"wp-block-image\">\n<figure class=\"aligncenter size-medium\"><img loading=\"lazy\" decoding=\"async\" width=\"200\" height=\"300\" src=\"https:\/\/doninu.eu\/wp-content\/uploads\/2026\/03\/ChatGPT-Image-Mar-26-2026-06_58_47-AM-200x300.png\" alt=\"\" class=\"wp-image-2672\" srcset=\"https:\/\/doninu.eu\/wp-content\/uploads\/2026\/03\/ChatGPT-Image-Mar-26-2026-06_58_47-AM-200x300.png 200w, https:\/\/doninu.eu\/wp-content\/uploads\/2026\/03\/ChatGPT-Image-Mar-26-2026-06_58_47-AM-683x1024.png 683w, https:\/\/doninu.eu\/wp-content\/uploads\/2026\/03\/ChatGPT-Image-Mar-26-2026-06_58_47-AM-768x1152.png 768w, https:\/\/doninu.eu\/wp-content\/uploads\/2026\/03\/ChatGPT-Image-Mar-26-2026-06_58_47-AM.png 1024w\" sizes=\"auto, (max-width: 200px) 100vw, 200px\" \/><\/figure>\n<\/div>\n\n\n<figure class=\"wp-block-audio\"><audio controls src=\"https:\/\/doninu.eu\/wp-content\/uploads\/2026\/03\/MASTRU-KOLA-\u2013-WE-STILL-BELIEVE-IN-YOU.mp3\"><\/audio><\/figure>\n\n\n\n<figure class=\"wp-block-audio\"><audio controls src=\"https:\/\/doninu.eu\/wp-content\/uploads\/2026\/03\/MASTRU-KOLA-\u2013-WE-STILL-BELIEVE-IN-YOU-1.mp3\"><\/audio><\/figure>\n\n\n<div class=\"wp-block-image\">\n<figure class=\"aligncenter size-medium\"><img loading=\"lazy\" decoding=\"async\" width=\"200\" height=\"300\" src=\"https:\/\/doninu.eu\/wp-content\/uploads\/2026\/03\/ChatGPT-Image-Mar-26-2026-07_25_02-AM-200x300.png\" alt=\"\" class=\"wp-image-2675\" srcset=\"https:\/\/doninu.eu\/wp-content\/uploads\/2026\/03\/ChatGPT-Image-Mar-26-2026-07_25_02-AM-200x300.png 200w, https:\/\/doninu.eu\/wp-content\/uploads\/2026\/03\/ChatGPT-Image-Mar-26-2026-07_25_02-AM-683x1024.png 683w, https:\/\/doninu.eu\/wp-content\/uploads\/2026\/03\/ChatGPT-Image-Mar-26-2026-07_25_02-AM-768x1152.png 768w, https:\/\/doninu.eu\/wp-content\/uploads\/2026\/03\/ChatGPT-Image-Mar-26-2026-07_25_02-AM.png 1024w\" sizes=\"auto, (max-width: 200px) 100vw, 200px\" \/><\/figure>\n<\/div>\n\n\n<figure class=\"wp-block-audio\"><audio controls src=\"https:\/\/doninu.eu\/wp-content\/uploads\/2026\/03\/BABY-JESUS-\u2013-CHRISTMAS-OF-LOVE.mp3\"><\/audio><\/figure>\n\n\n\n<figure class=\"wp-block-audio\"><audio controls src=\"https:\/\/doninu.eu\/wp-content\/uploads\/2026\/03\/BABY-JESUS-\u2013-CHRISTMAS-OF-LOVE-1.mp3\"><\/audio><\/figure>\n\n\n<div class=\"wp-block-image\">\n<figure class=\"aligncenter size-medium\"><img loading=\"lazy\" decoding=\"async\" width=\"200\" height=\"300\" src=\"https:\/\/doninu.eu\/wp-content\/uploads\/2026\/03\/ChatGPT-Image-Mar-26-2026-08_13_59-AM-200x300.png\" alt=\"\" class=\"wp-image-2678\" srcset=\"https:\/\/doninu.eu\/wp-content\/uploads\/2026\/03\/ChatGPT-Image-Mar-26-2026-08_13_59-AM-200x300.png 200w, https:\/\/doninu.eu\/wp-content\/uploads\/2026\/03\/ChatGPT-Image-Mar-26-2026-08_13_59-AM-683x1024.png 683w, https:\/\/doninu.eu\/wp-content\/uploads\/2026\/03\/ChatGPT-Image-Mar-26-2026-08_13_59-AM-768x1152.png 768w, https:\/\/doninu.eu\/wp-content\/uploads\/2026\/03\/ChatGPT-Image-Mar-26-2026-08_13_59-AM.png 1024w\" sizes=\"auto, (max-width: 200px) 100vw, 200px\" \/><\/figure>\n<\/div>\n\n\n<figure class=\"wp-block-audio\"><audio controls src=\"https:\/\/doninu.eu\/wp-content\/uploads\/2026\/03\/Come-together.mp3\"><\/audio><\/figure>\n\n\n\n<figure class=\"wp-block-audio\"><audio controls src=\"https:\/\/doninu.eu\/wp-content\/uploads\/2026\/03\/Come-together-1.mp3\"><\/audio><\/figure>\n\n\n<div class=\"wp-block-image\">\n<figure class=\"aligncenter size-medium\"><img loading=\"lazy\" decoding=\"async\" width=\"300\" height=\"300\" src=\"https:\/\/doninu.eu\/wp-content\/uploads\/2026\/03\/ChatGPT-Image-Mar-26-2026-08_30_19-AM-300x300.png\" alt=\"\" class=\"wp-image-2681\" srcset=\"https:\/\/doninu.eu\/wp-content\/uploads\/2026\/03\/ChatGPT-Image-Mar-26-2026-08_30_19-AM-300x300.png 300w, https:\/\/doninu.eu\/wp-content\/uploads\/2026\/03\/ChatGPT-Image-Mar-26-2026-08_30_19-AM-150x150.png 150w, https:\/\/doninu.eu\/wp-content\/uploads\/2026\/03\/ChatGPT-Image-Mar-26-2026-08_30_19-AM-768x768.png 768w, https:\/\/doninu.eu\/wp-content\/uploads\/2026\/03\/ChatGPT-Image-Mar-26-2026-08_30_19-AM-100x100.png 100w, https:\/\/doninu.eu\/wp-content\/uploads\/2026\/03\/ChatGPT-Image-Mar-26-2026-08_30_19-AM.png 1024w\" sizes=\"auto, (max-width: 300px) 100vw, 300px\" \/><\/figure>\n<\/div>\n\n\n<figure class=\"wp-block-audio\"><audio controls src=\"https:\/\/doninu.eu\/wp-content\/uploads\/2026\/03\/DONINU-MASTRU-KOLA-\u2013-CHRISTMAS-OF-LOVE.mp3\"><\/audio><\/figure>\n\n\n\n<figure class=\"wp-block-audio\"><audio controls src=\"https:\/\/doninu.eu\/wp-content\/uploads\/2026\/03\/DONINU-MASTRU-KOLA-\u2013-CHRISTMAS-OF-LOVE-1.mp3\"><\/audio><\/figure>\n\n\n<div class=\"wp-block-image\">\n<figure class=\"aligncenter size-medium\"><img loading=\"lazy\" decoding=\"async\" width=\"200\" height=\"300\" src=\"https:\/\/doninu.eu\/wp-content\/uploads\/2026\/03\/ChatGPT-Image-Mar-27-2026-05_36_32-AM-200x300.png\" alt=\"\" class=\"wp-image-2684\" srcset=\"https:\/\/doninu.eu\/wp-content\/uploads\/2026\/03\/ChatGPT-Image-Mar-27-2026-05_36_32-AM-200x300.png 200w, https:\/\/doninu.eu\/wp-content\/uploads\/2026\/03\/ChatGPT-Image-Mar-27-2026-05_36_32-AM-683x1024.png 683w, https:\/\/doninu.eu\/wp-content\/uploads\/2026\/03\/ChatGPT-Image-Mar-27-2026-05_36_32-AM-768x1152.png 768w, https:\/\/doninu.eu\/wp-content\/uploads\/2026\/03\/ChatGPT-Image-Mar-27-2026-05_36_32-AM.png 1024w\" sizes=\"auto, (max-width: 200px) 100vw, 200px\" \/><\/figure>\n<\/div>\n\n\n<figure class=\"wp-block-audio\"><audio controls src=\"https:\/\/doninu.eu\/wp-content\/uploads\/2026\/03\/SISTER-MICHAELAS-CHRISTMAS-JOY.mp3\"><\/audio><\/figure>\n\n\n\n<figure class=\"wp-block-audio\"><audio controls src=\"https:\/\/doninu.eu\/wp-content\/uploads\/2026\/03\/SISTER-MICHAELAS-CHRISTMAS-JOY-1.mp3\"><\/audio><\/figure>\n\n\n<div class=\"wp-block-image\">\n<figure class=\"aligncenter size-medium\"><img loading=\"lazy\" decoding=\"async\" width=\"300\" height=\"200\" src=\"https:\/\/doninu.eu\/wp-content\/uploads\/2026\/03\/ChatGPT-Image-Mar-27-2026-06_06_23-AM-300x200.png\" alt=\"\" class=\"wp-image-2687\" srcset=\"https:\/\/doninu.eu\/wp-content\/uploads\/2026\/03\/ChatGPT-Image-Mar-27-2026-06_06_23-AM-300x200.png 300w, https:\/\/doninu.eu\/wp-content\/uploads\/2026\/03\/ChatGPT-Image-Mar-27-2026-06_06_23-AM-1024x683.png 1024w, https:\/\/doninu.eu\/wp-content\/uploads\/2026\/03\/ChatGPT-Image-Mar-27-2026-06_06_23-AM-768x512.png 768w, https:\/\/doninu.eu\/wp-content\/uploads\/2026\/03\/ChatGPT-Image-Mar-27-2026-06_06_23-AM.png 1536w\" sizes=\"auto, (max-width: 300px) 100vw, 300px\" \/><\/figure>\n<\/div>\n\n\n<figure class=\"wp-block-audio\"><audio controls src=\"https:\/\/doninu.eu\/wp-content\/uploads\/2026\/03\/THE-TREE-OF-KINDNESS.mp3\"><\/audio><\/figure>\n\n\n\n<figure class=\"wp-block-audio\"><audio controls src=\"https:\/\/doninu.eu\/wp-content\/uploads\/2026\/03\/THE-TREE-OF-KINDNESS-1.mp3\"><\/audio><\/figure>\n\n\n<div class=\"wp-block-image\">\n<figure class=\"aligncenter size-medium\"><img loading=\"lazy\" decoding=\"async\" width=\"200\" height=\"300\" src=\"https:\/\/doninu.eu\/wp-content\/uploads\/2026\/03\/ChatGPT-Image-Mar-27-2026-07_13_58-AM-200x300.png\" alt=\"\" class=\"wp-image-2690\" srcset=\"https:\/\/doninu.eu\/wp-content\/uploads\/2026\/03\/ChatGPT-Image-Mar-27-2026-07_13_58-AM-200x300.png 200w, https:\/\/doninu.eu\/wp-content\/uploads\/2026\/03\/ChatGPT-Image-Mar-27-2026-07_13_58-AM-683x1024.png 683w, https:\/\/doninu.eu\/wp-content\/uploads\/2026\/03\/ChatGPT-Image-Mar-27-2026-07_13_58-AM-768x1152.png 768w, https:\/\/doninu.eu\/wp-content\/uploads\/2026\/03\/ChatGPT-Image-Mar-27-2026-07_13_58-AM.png 1024w\" sizes=\"auto, (max-width: 200px) 100vw, 200px\" \/><\/figure>\n<\/div>\n\n\n<figure class=\"wp-block-audio\"><audio controls src=\"https:\/\/doninu.eu\/wp-content\/uploads\/2026\/03\/L-ISTRINA.mp3\"><\/audio><\/figure>\n\n\n\n<figure class=\"wp-block-audio\"><audio controls src=\"https:\/\/doninu.eu\/wp-content\/uploads\/2026\/03\/L-ISTRINA-1.mp3\"><\/audio><\/figure>\n\n\n<div class=\"wp-block-image\">\n<figure class=\"aligncenter size-medium\"><img loading=\"lazy\" decoding=\"async\" width=\"200\" height=\"300\" src=\"https:\/\/doninu.eu\/wp-content\/uploads\/2026\/03\/ChatGPT-Image-Mar-27-2026-07_57_16-AM-200x300.png\" alt=\"\" class=\"wp-image-2693\" srcset=\"https:\/\/doninu.eu\/wp-content\/uploads\/2026\/03\/ChatGPT-Image-Mar-27-2026-07_57_16-AM-200x300.png 200w, https:\/\/doninu.eu\/wp-content\/uploads\/2026\/03\/ChatGPT-Image-Mar-27-2026-07_57_16-AM-683x1024.png 683w, https:\/\/doninu.eu\/wp-content\/uploads\/2026\/03\/ChatGPT-Image-Mar-27-2026-07_57_16-AM-768x1152.png 768w, https:\/\/doninu.eu\/wp-content\/uploads\/2026\/03\/ChatGPT-Image-Mar-27-2026-07_57_16-AM.png 1024w\" sizes=\"auto, (max-width: 200px) 100vw, 200px\" \/><\/figure>\n<\/div>\n\n\n<figure class=\"wp-block-audio\"><audio controls src=\"https:\/\/doninu.eu\/wp-content\/uploads\/2026\/03\/WE-WISH-YOU-A-MERRY-CHRISTMAS-Song.mp3\"><\/audio><\/figure>\n\n\n\n<figure class=\"wp-block-audio\"><audio controls src=\"https:\/\/doninu.eu\/wp-content\/uploads\/2026\/03\/CHRISTMAS-SECRETS-EVERYWHERE.mp3\"><\/audio><\/figure>\n\n\n<div class=\"wp-block-image\">\n<figure class=\"aligncenter size-medium\"><img loading=\"lazy\" decoding=\"async\" width=\"200\" height=\"300\" src=\"https:\/\/doninu.eu\/wp-content\/uploads\/2026\/03\/ChatGPT-Image-Mar-27-2026-08_18_59-AM-200x300.png\" alt=\"\" class=\"wp-image-2696\" srcset=\"https:\/\/doninu.eu\/wp-content\/uploads\/2026\/03\/ChatGPT-Image-Mar-27-2026-08_18_59-AM-200x300.png 200w, https:\/\/doninu.eu\/wp-content\/uploads\/2026\/03\/ChatGPT-Image-Mar-27-2026-08_18_59-AM-683x1024.png 683w, https:\/\/doninu.eu\/wp-content\/uploads\/2026\/03\/ChatGPT-Image-Mar-27-2026-08_18_59-AM-768x1152.png 768w, https:\/\/doninu.eu\/wp-content\/uploads\/2026\/03\/ChatGPT-Image-Mar-27-2026-08_18_59-AM.png 1024w\" sizes=\"auto, (max-width: 200px) 100vw, 200px\" \/><\/figure>\n<\/div>\n\n\n<figure class=\"wp-block-audio\"><audio controls src=\"https:\/\/doninu.eu\/wp-content\/uploads\/2026\/03\/MASTRU-KOLA-IS-COMIN-TO-TOWN.mp3\"><\/audio><\/figure>\n\n\n\n<figure class=\"wp-block-audio\"><audio controls src=\"https:\/\/doninu.eu\/wp-content\/uploads\/2026\/03\/MASTRU-KOLA-IS-COMIN-TO-TOWN-2.mp3\"><\/audio><\/figure>\n\n\n<div class=\"wp-block-image\">\n<figure class=\"aligncenter size-medium\"><img loading=\"lazy\" decoding=\"async\" width=\"200\" height=\"300\" src=\"https:\/\/doninu.eu\/wp-content\/uploads\/2026\/03\/ChatGPT-Image-Mar-28-2026-03_08_31-AM-200x300.png\" alt=\"\" class=\"wp-image-2746\" srcset=\"https:\/\/doninu.eu\/wp-content\/uploads\/2026\/03\/ChatGPT-Image-Mar-28-2026-03_08_31-AM-200x300.png 200w, https:\/\/doninu.eu\/wp-content\/uploads\/2026\/03\/ChatGPT-Image-Mar-28-2026-03_08_31-AM-683x1024.png 683w, https:\/\/doninu.eu\/wp-content\/uploads\/2026\/03\/ChatGPT-Image-Mar-28-2026-03_08_31-AM-768x1152.png 768w, https:\/\/doninu.eu\/wp-content\/uploads\/2026\/03\/ChatGPT-Image-Mar-28-2026-03_08_31-AM.png 1024w\" sizes=\"auto, (max-width: 200px) 100vw, 200px\" \/><\/figure>\n<\/div>\n\n\n<figure class=\"wp-block-audio\"><audio controls src=\"https:\/\/doninu.eu\/wp-content\/uploads\/2026\/03\/MASTRU-KOLA-DONINU-\u2013-CHRISTMAS-OF-HOPE.mp3\"><\/audio><\/figure>\n\n\n\n<figure class=\"wp-block-audio\"><audio controls src=\"https:\/\/doninu.eu\/wp-content\/uploads\/2026\/03\/MASTRU-KOLA-DONINU-\u2013-CHRISTMAS-OF-HOPE-1.mp3\"><\/audio><\/figure>\n\n\n<div class=\"wp-block-image\">\n<figure class=\"aligncenter size-medium\"><img loading=\"lazy\" decoding=\"async\" width=\"300\" height=\"300\" src=\"https:\/\/doninu.eu\/wp-content\/uploads\/2026\/03\/ChatGPT-Image-Mar-28-2026-03_38_17-AM-300x300.png\" alt=\"\" class=\"wp-image-2753\" srcset=\"https:\/\/doninu.eu\/wp-content\/uploads\/2026\/03\/ChatGPT-Image-Mar-28-2026-03_38_17-AM-300x300.png 300w, https:\/\/doninu.eu\/wp-content\/uploads\/2026\/03\/ChatGPT-Image-Mar-28-2026-03_38_17-AM-150x150.png 150w, https:\/\/doninu.eu\/wp-content\/uploads\/2026\/03\/ChatGPT-Image-Mar-28-2026-03_38_17-AM-768x768.png 768w, https:\/\/doninu.eu\/wp-content\/uploads\/2026\/03\/ChatGPT-Image-Mar-28-2026-03_38_17-AM-100x100.png 100w, https:\/\/doninu.eu\/wp-content\/uploads\/2026\/03\/ChatGPT-Image-Mar-28-2026-03_38_17-AM.png 1024w\" sizes=\"auto, (max-width: 300px) 100vw, 300px\" \/><\/figure>\n<\/div>\n\n\n<figure class=\"wp-block-audio\"><audio controls src=\"https:\/\/doninu.eu\/wp-content\/uploads\/2026\/03\/EMERGENCY-LANDING-ON-K-A-S-T-I-L-J-A.mp3\"><\/audio><\/figure>\n\n\n\n<figure class=\"wp-block-audio\"><audio controls src=\"https:\/\/doninu.eu\/wp-content\/uploads\/2026\/03\/EMERGENCY-LANDING-ON-K-A-S-T-I-L-J-A-1.mp3\"><\/audio><\/figure>\n\n\n<div class=\"wp-block-image\">\n<figure class=\"aligncenter size-medium\"><img loading=\"lazy\" decoding=\"async\" width=\"200\" height=\"300\" src=\"https:\/\/doninu.eu\/wp-content\/uploads\/2026\/03\/ChatGPT-Image-Mar-28-2026-04_05_59-AM-200x300.png\" alt=\"\" class=\"wp-image-2758\" srcset=\"https:\/\/doninu.eu\/wp-content\/uploads\/2026\/03\/ChatGPT-Image-Mar-28-2026-04_05_59-AM-200x300.png 200w, https:\/\/doninu.eu\/wp-content\/uploads\/2026\/03\/ChatGPT-Image-Mar-28-2026-04_05_59-AM-683x1024.png 683w, https:\/\/doninu.eu\/wp-content\/uploads\/2026\/03\/ChatGPT-Image-Mar-28-2026-04_05_59-AM-768x1152.png 768w, https:\/\/doninu.eu\/wp-content\/uploads\/2026\/03\/ChatGPT-Image-Mar-28-2026-04_05_59-AM.png 1024w\" sizes=\"auto, (max-width: 200px) 100vw, 200px\" \/><\/figure>\n<\/div>\n\n\n<figure class=\"wp-block-audio\"><audio controls src=\"https:\/\/doninu.eu\/wp-content\/uploads\/2026\/03\/BUDDY-THE-RED-NOSED-DONKEY.mp3\"><\/audio><\/figure>\n\n\n\n<figure class=\"wp-block-audio\"><audio controls src=\"https:\/\/doninu.eu\/wp-content\/uploads\/2026\/03\/BUDDY-THE-RED-NOSED-DONKEY-1.mp3\"><\/audio><\/figure>\n\n\n<div class=\"wp-block-image\">\n<figure class=\"aligncenter size-medium\"><img loading=\"lazy\" decoding=\"async\" width=\"300\" height=\"300\" src=\"https:\/\/doninu.eu\/wp-content\/uploads\/2026\/03\/ChatGPT-Image-Mar-28-2026-04_33_10-AM-300x300.png\" alt=\"\" class=\"wp-image-2763\" srcset=\"https:\/\/doninu.eu\/wp-content\/uploads\/2026\/03\/ChatGPT-Image-Mar-28-2026-04_33_10-AM-300x300.png 300w, https:\/\/doninu.eu\/wp-content\/uploads\/2026\/03\/ChatGPT-Image-Mar-28-2026-04_33_10-AM-150x150.png 150w, https:\/\/doninu.eu\/wp-content\/uploads\/2026\/03\/ChatGPT-Image-Mar-28-2026-04_33_10-AM-768x768.png 768w, https:\/\/doninu.eu\/wp-content\/uploads\/2026\/03\/ChatGPT-Image-Mar-28-2026-04_33_10-AM-100x100.png 100w, https:\/\/doninu.eu\/wp-content\/uploads\/2026\/03\/ChatGPT-Image-Mar-28-2026-04_33_10-AM.png 1024w\" sizes=\"auto, (max-width: 300px) 100vw, 300px\" \/><\/figure>\n<\/div>\n\n\n<figure class=\"wp-block-audio\"><audio controls src=\"https:\/\/doninu.eu\/wp-content\/uploads\/2026\/03\/CHRISTMAS-POLKA-WITH-MASTRU-KOLA-\u2013-SONG.mp3\"><\/audio><\/figure>\n\n\n\n<figure class=\"wp-block-audio\"><audio controls src=\"https:\/\/doninu.eu\/wp-content\/uploads\/2026\/03\/CHRISTMAS-POLKA-WITH-MASTRU-KOLA-\u2013-SONG-1.mp3\"><\/audio><\/figure>\n\n\n<div class=\"wp-block-image\">\n<figure class=\"aligncenter size-medium\"><img loading=\"lazy\" decoding=\"async\" width=\"200\" height=\"300\" src=\"https:\/\/doninu.eu\/wp-content\/uploads\/2026\/03\/ChatGPT-Image-Mar-28-2026-04_57_34-AM-200x300.png\" alt=\"\" class=\"wp-image-2768\" srcset=\"https:\/\/doninu.eu\/wp-content\/uploads\/2026\/03\/ChatGPT-Image-Mar-28-2026-04_57_34-AM-200x300.png 200w, https:\/\/doninu.eu\/wp-content\/uploads\/2026\/03\/ChatGPT-Image-Mar-28-2026-04_57_34-AM-683x1024.png 683w, https:\/\/doninu.eu\/wp-content\/uploads\/2026\/03\/ChatGPT-Image-Mar-28-2026-04_57_34-AM-768x1152.png 768w, https:\/\/doninu.eu\/wp-content\/uploads\/2026\/03\/ChatGPT-Image-Mar-28-2026-04_57_34-AM.png 1024w\" sizes=\"auto, (max-width: 200px) 100vw, 200px\" \/><\/figure>\n<\/div>\n\n\n<figure class=\"wp-block-audio\"><audio controls src=\"https:\/\/doninu.eu\/wp-content\/uploads\/2026\/03\/MERRY-CHRISTMAS-EVERYONE-\u2013.mp3\"><\/audio><\/figure>\n\n\n\n<figure class=\"wp-block-audio\"><audio controls src=\"https:\/\/doninu.eu\/wp-content\/uploads\/2026\/03\/MERRY-CHRISTMAS-EVERYONE-\u2013-1.mp3\"><\/audio><\/figure>\n","protected":false},"excerpt":{"rendered":"<p>CHRISTMAS SONGS ALBUM These songs are written by Pierre Calleja.Music and arrangements by Doninu Malta Studios (Media). MASTRU KOLA \u2013 IL-MILIED MALTI (2026) Din is-sena 2026,Doninu (Malta) International se jintrodu\u010bi uffi\u010bjalmentix-Xi\u0127 tal-Milied Malti \u2014 MASTRU KOLA. Wara snin twal jg\u0127ix fin-North Pole,MASTRU KOLA issa rritorna lura lejnart twelidu \u2014 Malta,biex jer\u0121a\u2019 jqassam il-fer\u0127, l-im\u0127abba u &hellip; <\/p>\n<p class=\"link-more\"><a href=\"https:\/\/doninu.eu\/?page_id=2661\" class=\"more-link\">Continue reading<span class=\"screen-reader-text\"> &#8220;CHRISTMAS&#8221;<\/span><\/a><\/p>\n","protected":false},"author":1,"featured_media":0,"parent":0,"menu_order":0,"comment_status":"closed","ping_status":"closed","template":"","meta":{"footnotes":""},"class_list":["post-2661","page","type-page","status-publish","hentry"],"_links":{"self":[{"href":"https:\/\/doninu.eu\/index.php?rest_route=\/wp\/v2\/pages\/2661","targetHints":{"allow":["GET"]}}],"collection":[{"href":"https:\/\/doninu.eu\/index.php?rest_route=\/wp\/v2\/pages"}],"about":[{"href":"https:\/\/doninu.eu\/index.php?rest_route=\/wp\/v2\/types\/page"}],"author":[{"embeddable":true,"href":"https:\/\/doninu.eu\/index.php?rest_route=\/wp\/v2\/users\/1"}],"replies":[{"embeddable":true,"href":"https:\/\/doninu.eu\/index.php?rest_route=%2Fwp%2Fv2%2Fcomments&post=2661"}],"version-history":[{"count":5,"href":"https:\/\/doninu.eu\/index.php?rest_route=\/wp\/v2\/pages\/2661\/revisions"}],"predecessor-version":[{"id":2773,"href":"https:\/\/doninu.eu\/index.php?rest_route=\/wp\/v2\/pages\/2661\/revisions\/2773"}],"wp:attachment":[{"href":"https:\/\/doninu.eu\/index.php?rest_route=%2Fwp%2Fv2%2Fmedia&parent=2661"}],"curies":[{"name":"wp","href":"https:\/\/api.w.org\/{rel}","templated":true}]}}