{"id":833,"date":"2025-05-18T12:40:16","date_gmt":"2025-05-18T12:40:16","guid":{"rendered":"https:\/\/doninu.eu\/?page_id=833"},"modified":"2025-06-11T12:47:36","modified_gmt":"2025-06-11T12:47:36","slug":"833-2","status":"publish","type":"page","link":"https:\/\/doninu.eu\/?page_id=833","title":{"rendered":"Board Members official certificates ."},"content":{"rendered":"<div class=\"wp-block-image\">\n<figure class=\"aligncenter size-full\"><img loading=\"lazy\" decoding=\"async\" width=\"600\" height=\"65\" src=\"https:\/\/doninu.eu\/wp-content\/uploads\/2025\/05\/images-2.png\" alt=\"\" class=\"wp-image-853\" srcset=\"https:\/\/doninu.eu\/wp-content\/uploads\/2025\/05\/images-2.png 600w, https:\/\/doninu.eu\/wp-content\/uploads\/2025\/05\/images-2-300x33.png 300w\" sizes=\"auto, (max-width: 600px) 100vw, 600px\" \/><\/figure>\n<\/div>\n\n\n<h1 class=\"wp-block-heading has-text-align-center\">&#8220;<strong>One Mission, One Heart \u2013 For the Vulnerable.&#8221;<\/strong><\/h1>\n\n\n\n<h3 class=\"wp-block-heading\"><strong>Official Declaration<\/strong><\/h3>\n\n\n\n<p><strong>Chev. Jean Pierre Calleja<\/strong><br><em>Founder and Leader of Doninu (Malta) International<\/em><\/p>\n\n\n\n<p>On this page, you will find the official certificates of honor awarded to all Board Members of <strong>Doninu (Malta) International<\/strong>, as a testament to our shared commitment and transparency.<\/p>\n\n\n\n<p>I, <strong>Chev. Jean Pierre Calleja<\/strong>, as the Founder and Leader of this organization, officially declare the members of our Board, who work together in unity to serve those who are vulnerable \u2014 guided by the values of justice, compassion, and charity.<\/p>\n\n\n\n<p>We act as one team, united in purpose, reaching out to those in need. In doing so, we fulfill our sacred mission to serve God Almighty and live according to His word.<\/p>\n\n\n\n<p>We firmly believe that <strong>God is our guiding helm<\/strong>, leading us with wisdom and strength as we dedicate ourselves to uplifting the vulnerable and defending human dignity.<\/p>\n\n\n\n<p><strong>Chev. Jean Pierre Calleja<\/strong><br><em>Founder and Leader \u2013 Doninu (Malta) International<\/em><br><br><\/p>\n\n\n\n<p><\/p>\n\n\n\n<h2>Gurament tal-Membri Quddiem Alla<\/h2>\n\n<p><strong>Malti:<\/strong><br>\nJiena, l-firmatarju hawn ta\u0127t, nag\u0127mel dan il-gurament bil-qalb u b\u2019sinsla li se nwettaq id-dmirijiet tieg\u0127i b\u0127ala membru tal-Bord tad-Diretturi ta\u2019 Doninu (Malta) International b\u2019fedelt\u00e0, dedikazzjoni u integrit\u00e0.<br><br>\nNid\u0127ol f\u2019weg\u0127di li na\u0121ixxi g\u0127all-a\u0127jar interess tal-organizzazzjoni, in\u017comm il-valuri tag\u0127ha, in\u017comm kunfidenzjalit\u00e0 fejn me\u0127tie\u0121, u nikkonforma mal-li\u0121ijiet u r-regolamenti kollha li jirregolaw l-attivitajiet tal-organizzazzjoni.<br><br>\nInwieg\u0127ed li nservi b\u2019trasparenza, b\u2019rispett lejn il-partijiet interessati kollha, u biex nippromwovi bil-qalb il-missjoni u l-vi\u017cjoni ta\u2019 Doninu (Malta) International.<br><br>\nNemmen li Alla se jg\u0127inni f\u2019din il-missjoni.<\/p>\n\n<p><strong>English:<\/strong><br>\nI, the undersigned, solemnly and sincerely swear that I will faithfully, diligently, and with integrity perform my duties as a member of the Board of Directors of Doninu (Malta) International.<br><br>\nI pledge to act consistently in the best interests of the organisation, uphold its core values, maintain confidentiality where required, and comply fully with all applicable laws and regulations governing the organisation\u2019s activities.<br><br>\nI commit to serving with transparency, respect towards all stakeholders, and to wholeheartedly promote the mission and vision of Doninu (Malta) International.<br><br>\nI believe that Allah will assist me in this mission.<\/p>\n\n<p><strong>Fran\u00e7ais:<\/strong><br>\nJe soussign\u00e9, fais solennellement et sinc\u00e8rement le serment que j&#8217;ex\u00e9cuterai mes devoirs en tant que membre du Conseil d&#8217;administration de Doninu (Malta) International avec fid\u00e9lit\u00e9, diligence et int\u00e9grit\u00e9.<br><br>\nJe m&#8217;engage \u00e0 agir toujours dans le meilleur int\u00e9r\u00eat de l&#8217;organisation, \u00e0 respecter ses valeurs fondamentales, \u00e0 maintenir la confidentialit\u00e9 lorsque n\u00e9cessaire, et \u00e0 me conformer pleinement \u00e0 toutes les lois et r\u00e8glements applicables r\u00e9gissant les activit\u00e9s de l&#8217;organisation.<br><br>\nJe m&#8217;engage \u00e0 servir avec transparence, respect envers toutes les parties prenantes, et \u00e0 promouvoir de tout c\u0153ur la mission et la vision de Doninu (Malta) International.<br><br>\nJe crois qu&#8217;Allah m&#8217;assistera dans cette mission.<\/p>\n\n<p><strong>Italiano:<\/strong><br>\nIo sottoscritto, giuro solennemente e sinceramente che svolger\u00f2 i miei doveri come membro del Consiglio di Amministrazione di Doninu (Malta) International con fedelt\u00e0, diligenza e integrit\u00e0.<br><br>\nMi impegno ad agire sempre nel migliore interesse dell&#8217;organizzazione, a sostenere i suoi valori fondamentali, a mantenere la riservatezza ove richiesto, e a conformarmi pienamente a tutte le leggi e regolamenti applicabili che disciplinano le attivit\u00e0 dell&#8217;organizzazione.<br><br>\nMi impegno a servire con trasparenza, rispetto verso tutte le parti interessate, e a promuovere con tutto il cuore la missione e la visione di Doninu (Malta) International.<br><br>\nCredo che Allah mi assister\u00e0 in questa missione.<\/p>\n\n\n<div class=\"wp-block-image\">\n<figure class=\"aligncenter size-large\"><img loading=\"lazy\" decoding=\"async\" width=\"1024\" height=\"724\" src=\"https:\/\/doninu.eu\/wp-content\/uploads\/2025\/05\/Honorary-President-\u2013-HIRM-King-Yuriy-I-Te-Ukraina-1024x724.jpg\" alt=\"\" class=\"wp-image-834\" srcset=\"https:\/\/doninu.eu\/wp-content\/uploads\/2025\/05\/Honorary-President-\u2013-HIRM-King-Yuriy-I-Te-Ukraina-1024x724.jpg 1024w, https:\/\/doninu.eu\/wp-content\/uploads\/2025\/05\/Honorary-President-\u2013-HIRM-King-Yuriy-I-Te-Ukraina-300x212.jpg 300w, https:\/\/doninu.eu\/wp-content\/uploads\/2025\/05\/Honorary-President-\u2013-HIRM-King-Yuriy-I-Te-Ukraina-768x543.jpg 768w, https:\/\/doninu.eu\/wp-content\/uploads\/2025\/05\/Honorary-President-\u2013-HIRM-King-Yuriy-I-Te-Ukraina-1536x1086.jpg 1536w, https:\/\/doninu.eu\/wp-content\/uploads\/2025\/05\/Honorary-President-\u2013-HIRM-King-Yuriy-I-Te-Ukraina.jpg 1600w\" sizes=\"auto, (max-width: 767px) 89vw, (max-width: 1000px) 54vw, (max-width: 1071px) 543px, 580px\" \/><\/figure>\n<\/div>\n\n\n<p><\/p>\n\n\n<div class=\"wp-block-image\">\n<figure class=\"aligncenter size-large\"><img loading=\"lazy\" decoding=\"async\" width=\"1024\" height=\"724\" src=\"https:\/\/doninu.eu\/wp-content\/uploads\/2025\/05\/Honorary-VIP-\u2013-HRH-Miora-Jeny-Telesphore-1024x724.jpg\" alt=\"\" class=\"wp-image-835\" srcset=\"https:\/\/doninu.eu\/wp-content\/uploads\/2025\/05\/Honorary-VIP-\u2013-HRH-Miora-Jeny-Telesphore-1024x724.jpg 1024w, https:\/\/doninu.eu\/wp-content\/uploads\/2025\/05\/Honorary-VIP-\u2013-HRH-Miora-Jeny-Telesphore-300x212.jpg 300w, https:\/\/doninu.eu\/wp-content\/uploads\/2025\/05\/Honorary-VIP-\u2013-HRH-Miora-Jeny-Telesphore-768x543.jpg 768w, https:\/\/doninu.eu\/wp-content\/uploads\/2025\/05\/Honorary-VIP-\u2013-HRH-Miora-Jeny-Telesphore-1536x1086.jpg 1536w, https:\/\/doninu.eu\/wp-content\/uploads\/2025\/05\/Honorary-VIP-\u2013-HRH-Miora-Jeny-Telesphore.jpg 1600w\" sizes=\"auto, (max-width: 767px) 89vw, (max-width: 1000px) 54vw, (max-width: 1071px) 543px, 580px\" \/><\/figure>\n<\/div>\n\n\n<p><\/p>\n\n\n<div class=\"wp-block-image\">\n<figure class=\"aligncenter size-large\"><img loading=\"lazy\" decoding=\"async\" width=\"1024\" height=\"724\" src=\"https:\/\/doninu.eu\/wp-content\/uploads\/2025\/05\/Vice-Leader-\u2013-H.E.-Marchese-Chevalier-Conrad-Pace-1024x724.jpg\" alt=\"\" class=\"wp-image-836\" srcset=\"https:\/\/doninu.eu\/wp-content\/uploads\/2025\/05\/Vice-Leader-\u2013-H.E.-Marchese-Chevalier-Conrad-Pace-1024x724.jpg 1024w, https:\/\/doninu.eu\/wp-content\/uploads\/2025\/05\/Vice-Leader-\u2013-H.E.-Marchese-Chevalier-Conrad-Pace-300x212.jpg 300w, https:\/\/doninu.eu\/wp-content\/uploads\/2025\/05\/Vice-Leader-\u2013-H.E.-Marchese-Chevalier-Conrad-Pace-768x543.jpg 768w, https:\/\/doninu.eu\/wp-content\/uploads\/2025\/05\/Vice-Leader-\u2013-H.E.-Marchese-Chevalier-Conrad-Pace-1536x1086.jpg 1536w, https:\/\/doninu.eu\/wp-content\/uploads\/2025\/05\/Vice-Leader-\u2013-H.E.-Marchese-Chevalier-Conrad-Pace.jpg 1600w\" sizes=\"auto, (max-width: 767px) 89vw, (max-width: 1000px) 54vw, (max-width: 1071px) 543px, 580px\" \/><\/figure>\n<\/div>\n\n\n<p><\/p>\n\n\n<div class=\"wp-block-image\">\n<figure class=\"aligncenter size-large\"><img loading=\"lazy\" decoding=\"async\" width=\"1024\" height=\"724\" src=\"https:\/\/doninu.eu\/wp-content\/uploads\/2025\/05\/Religious-Affairs-and-Interfaith-Director-\u2013-Archbishop-Svetoslav-Vassileff-1024x724.jpg\" alt=\"\" class=\"wp-image-837\" srcset=\"https:\/\/doninu.eu\/wp-content\/uploads\/2025\/05\/Religious-Affairs-and-Interfaith-Director-\u2013-Archbishop-Svetoslav-Vassileff-1024x724.jpg 1024w, https:\/\/doninu.eu\/wp-content\/uploads\/2025\/05\/Religious-Affairs-and-Interfaith-Director-\u2013-Archbishop-Svetoslav-Vassileff-300x212.jpg 300w, https:\/\/doninu.eu\/wp-content\/uploads\/2025\/05\/Religious-Affairs-and-Interfaith-Director-\u2013-Archbishop-Svetoslav-Vassileff-768x543.jpg 768w, https:\/\/doninu.eu\/wp-content\/uploads\/2025\/05\/Religious-Affairs-and-Interfaith-Director-\u2013-Archbishop-Svetoslav-Vassileff-1536x1086.jpg 1536w, https:\/\/doninu.eu\/wp-content\/uploads\/2025\/05\/Religious-Affairs-and-Interfaith-Director-\u2013-Archbishop-Svetoslav-Vassileff.jpg 1600w\" sizes=\"auto, (max-width: 767px) 89vw, (max-width: 1000px) 54vw, (max-width: 1071px) 543px, 580px\" \/><\/figure>\n<\/div>\n\n\n<p><\/p>\n\n\n<div class=\"wp-block-image\">\n<figure class=\"aligncenter size-large\"><img loading=\"lazy\" decoding=\"async\" width=\"1024\" height=\"724\" src=\"https:\/\/doninu.eu\/wp-content\/uploads\/2025\/05\/International-Director-\u2013-H.E.-Amb.-Dr.-Pierre-Vatel-1024x724.jpg\" alt=\"\" class=\"wp-image-838\" srcset=\"https:\/\/doninu.eu\/wp-content\/uploads\/2025\/05\/International-Director-\u2013-H.E.-Amb.-Dr.-Pierre-Vatel-1024x724.jpg 1024w, https:\/\/doninu.eu\/wp-content\/uploads\/2025\/05\/International-Director-\u2013-H.E.-Amb.-Dr.-Pierre-Vatel-300x212.jpg 300w, https:\/\/doninu.eu\/wp-content\/uploads\/2025\/05\/International-Director-\u2013-H.E.-Amb.-Dr.-Pierre-Vatel-768x543.jpg 768w, https:\/\/doninu.eu\/wp-content\/uploads\/2025\/05\/International-Director-\u2013-H.E.-Amb.-Dr.-Pierre-Vatel-1536x1086.jpg 1536w, https:\/\/doninu.eu\/wp-content\/uploads\/2025\/05\/International-Director-\u2013-H.E.-Amb.-Dr.-Pierre-Vatel.jpg 1600w\" sizes=\"auto, (max-width: 767px) 89vw, (max-width: 1000px) 54vw, (max-width: 1071px) 543px, 580px\" \/><\/figure>\n<\/div>\n\n\n<p><\/p>\n\n\n\n<p><\/p>\n\n\n<div class=\"wp-block-image\">\n<figure class=\"aligncenter size-large\"><img loading=\"lazy\" decoding=\"async\" width=\"1024\" height=\"724\" src=\"https:\/\/doninu.eu\/wp-content\/uploads\/2025\/05\/Ambassador-Dr.-Naim-Aladgham-1024x724.jpg\" alt=\"\" class=\"wp-image-839\" srcset=\"https:\/\/doninu.eu\/wp-content\/uploads\/2025\/05\/Ambassador-Dr.-Naim-Aladgham-1024x724.jpg 1024w, https:\/\/doninu.eu\/wp-content\/uploads\/2025\/05\/Ambassador-Dr.-Naim-Aladgham-300x212.jpg 300w, https:\/\/doninu.eu\/wp-content\/uploads\/2025\/05\/Ambassador-Dr.-Naim-Aladgham-768x543.jpg 768w, https:\/\/doninu.eu\/wp-content\/uploads\/2025\/05\/Ambassador-Dr.-Naim-Aladgham-1536x1086.jpg 1536w, https:\/\/doninu.eu\/wp-content\/uploads\/2025\/05\/Ambassador-Dr.-Naim-Aladgham.jpg 1600w\" sizes=\"auto, (max-width: 767px) 89vw, (max-width: 1000px) 54vw, (max-width: 1071px) 543px, 580px\" \/><\/figure>\n<\/div>\n\n\n<p><\/p>\n\n\n<div class=\"wp-block-image\">\n<figure class=\"aligncenter size-large\"><img loading=\"lazy\" decoding=\"async\" width=\"1024\" height=\"724\" src=\"https:\/\/doninu.eu\/wp-content\/uploads\/2025\/05\/Secretary-General-\u2013-Dame-Anne-Chetcuti-Ray-1024x724.jpg\" alt=\"\" class=\"wp-image-840\" srcset=\"https:\/\/doninu.eu\/wp-content\/uploads\/2025\/05\/Secretary-General-\u2013-Dame-Anne-Chetcuti-Ray-1024x724.jpg 1024w, https:\/\/doninu.eu\/wp-content\/uploads\/2025\/05\/Secretary-General-\u2013-Dame-Anne-Chetcuti-Ray-300x212.jpg 300w, https:\/\/doninu.eu\/wp-content\/uploads\/2025\/05\/Secretary-General-\u2013-Dame-Anne-Chetcuti-Ray-768x543.jpg 768w, https:\/\/doninu.eu\/wp-content\/uploads\/2025\/05\/Secretary-General-\u2013-Dame-Anne-Chetcuti-Ray-1536x1086.jpg 1536w, https:\/\/doninu.eu\/wp-content\/uploads\/2025\/05\/Secretary-General-\u2013-Dame-Anne-Chetcuti-Ray.jpg 1600w\" sizes=\"auto, (max-width: 767px) 89vw, (max-width: 1000px) 54vw, (max-width: 1071px) 543px, 580px\" \/><\/figure>\n<\/div>\n\n\n<p><\/p>\n\n\n<div class=\"wp-block-image\">\n<figure class=\"aligncenter size-large\"><img loading=\"lazy\" decoding=\"async\" width=\"1024\" height=\"724\" src=\"https:\/\/doninu.eu\/wp-content\/uploads\/2025\/05\/Director-\u2013-Gozo-Section-\u2013-Ms.-Dianne-El-Kafas-1024x724.jpg\" alt=\"\" class=\"wp-image-841\" srcset=\"https:\/\/doninu.eu\/wp-content\/uploads\/2025\/05\/Director-\u2013-Gozo-Section-\u2013-Ms.-Dianne-El-Kafas-1024x724.jpg 1024w, https:\/\/doninu.eu\/wp-content\/uploads\/2025\/05\/Director-\u2013-Gozo-Section-\u2013-Ms.-Dianne-El-Kafas-300x212.jpg 300w, https:\/\/doninu.eu\/wp-content\/uploads\/2025\/05\/Director-\u2013-Gozo-Section-\u2013-Ms.-Dianne-El-Kafas-768x543.jpg 768w, https:\/\/doninu.eu\/wp-content\/uploads\/2025\/05\/Director-\u2013-Gozo-Section-\u2013-Ms.-Dianne-El-Kafas-1536x1086.jpg 1536w, https:\/\/doninu.eu\/wp-content\/uploads\/2025\/05\/Director-\u2013-Gozo-Section-\u2013-Ms.-Dianne-El-Kafas.jpg 1600w\" sizes=\"auto, (max-width: 767px) 89vw, (max-width: 1000px) 54vw, (max-width: 1071px) 543px, 580px\" \/><\/figure>\n<\/div>\n\n\n<p><\/p>\n\n\n\n<p><\/p>\n\n\n<div class=\"wp-block-image\">\n<figure class=\"aligncenter size-large\"><img loading=\"lazy\" decoding=\"async\" width=\"1024\" height=\"724\" src=\"https:\/\/doninu.eu\/wp-content\/uploads\/2025\/05\/Projects-Director-\u2013-Mr.-Mathew-Refalo-1024x724.jpg\" alt=\"\" class=\"wp-image-843\" srcset=\"https:\/\/doninu.eu\/wp-content\/uploads\/2025\/05\/Projects-Director-\u2013-Mr.-Mathew-Refalo-1024x724.jpg 1024w, https:\/\/doninu.eu\/wp-content\/uploads\/2025\/05\/Projects-Director-\u2013-Mr.-Mathew-Refalo-300x212.jpg 300w, https:\/\/doninu.eu\/wp-content\/uploads\/2025\/05\/Projects-Director-\u2013-Mr.-Mathew-Refalo-768x543.jpg 768w, https:\/\/doninu.eu\/wp-content\/uploads\/2025\/05\/Projects-Director-\u2013-Mr.-Mathew-Refalo-1536x1086.jpg 1536w, https:\/\/doninu.eu\/wp-content\/uploads\/2025\/05\/Projects-Director-\u2013-Mr.-Mathew-Refalo.jpg 1600w\" sizes=\"auto, (max-width: 767px) 89vw, (max-width: 1000px) 54vw, (max-width: 1071px) 543px, 580px\" \/><\/figure>\n<\/div>\n\n\n<p><\/p>\n\n\n<div class=\"wp-block-image\">\n<figure class=\"aligncenter size-large\"><img loading=\"lazy\" decoding=\"async\" width=\"1024\" height=\"724\" src=\"https:\/\/doninu.eu\/wp-content\/uploads\/2025\/05\/Italian-Language-Coordinator-\u2013-Ms.-Silvia-Dimech-1024x724.jpg\" alt=\"\" class=\"wp-image-844\" srcset=\"https:\/\/doninu.eu\/wp-content\/uploads\/2025\/05\/Italian-Language-Coordinator-\u2013-Ms.-Silvia-Dimech-1024x724.jpg 1024w, https:\/\/doninu.eu\/wp-content\/uploads\/2025\/05\/Italian-Language-Coordinator-\u2013-Ms.-Silvia-Dimech-300x212.jpg 300w, https:\/\/doninu.eu\/wp-content\/uploads\/2025\/05\/Italian-Language-Coordinator-\u2013-Ms.-Silvia-Dimech-768x543.jpg 768w, https:\/\/doninu.eu\/wp-content\/uploads\/2025\/05\/Italian-Language-Coordinator-\u2013-Ms.-Silvia-Dimech-1536x1086.jpg 1536w, https:\/\/doninu.eu\/wp-content\/uploads\/2025\/05\/Italian-Language-Coordinator-\u2013-Ms.-Silvia-Dimech.jpg 1600w\" sizes=\"auto, (max-width: 767px) 89vw, (max-width: 1000px) 54vw, (max-width: 1071px) 543px, 580px\" \/><\/figure>\n<\/div>\n\n\n<p><\/p>\n\n\n\n<p><\/p>\n\n\n\n<figure class=\"wp-block-image size-large\"><img loading=\"lazy\" decoding=\"async\" width=\"1024\" height=\"724\" src=\"https:\/\/doninu.eu\/wp-content\/uploads\/2025\/05\/Director-of-Charity-Hubs-\u2013-Ms.-Mira-Bharwani-1024x724.jpg\" alt=\"\" class=\"wp-image-846\" srcset=\"https:\/\/doninu.eu\/wp-content\/uploads\/2025\/05\/Director-of-Charity-Hubs-\u2013-Ms.-Mira-Bharwani-1024x724.jpg 1024w, https:\/\/doninu.eu\/wp-content\/uploads\/2025\/05\/Director-of-Charity-Hubs-\u2013-Ms.-Mira-Bharwani-300x212.jpg 300w, https:\/\/doninu.eu\/wp-content\/uploads\/2025\/05\/Director-of-Charity-Hubs-\u2013-Ms.-Mira-Bharwani-768x543.jpg 768w, https:\/\/doninu.eu\/wp-content\/uploads\/2025\/05\/Director-of-Charity-Hubs-\u2013-Ms.-Mira-Bharwani-1536x1086.jpg 1536w, https:\/\/doninu.eu\/wp-content\/uploads\/2025\/05\/Director-of-Charity-Hubs-\u2013-Ms.-Mira-Bharwani.jpg 1600w\" sizes=\"auto, (max-width: 767px) 89vw, (max-width: 1000px) 54vw, (max-width: 1071px) 543px, 580px\" \/><\/figure>\n\n\n\n<p><\/p>\n\n\n<div class=\"wp-block-image\">\n<figure class=\"aligncenter size-large\"><img loading=\"lazy\" decoding=\"async\" width=\"1024\" height=\"724\" src=\"https:\/\/doninu.eu\/wp-content\/uploads\/2025\/05\/Ambassador-for-Disability-\u2013-Mr.-Fabrizio-Faniello-1024x724.jpg\" alt=\"\" class=\"wp-image-847\" srcset=\"https:\/\/doninu.eu\/wp-content\/uploads\/2025\/05\/Ambassador-for-Disability-\u2013-Mr.-Fabrizio-Faniello-1024x724.jpg 1024w, https:\/\/doninu.eu\/wp-content\/uploads\/2025\/05\/Ambassador-for-Disability-\u2013-Mr.-Fabrizio-Faniello-300x212.jpg 300w, https:\/\/doninu.eu\/wp-content\/uploads\/2025\/05\/Ambassador-for-Disability-\u2013-Mr.-Fabrizio-Faniello-768x543.jpg 768w, https:\/\/doninu.eu\/wp-content\/uploads\/2025\/05\/Ambassador-for-Disability-\u2013-Mr.-Fabrizio-Faniello-1536x1086.jpg 1536w, https:\/\/doninu.eu\/wp-content\/uploads\/2025\/05\/Ambassador-for-Disability-\u2013-Mr.-Fabrizio-Faniello.jpg 1600w\" sizes=\"auto, (max-width: 767px) 89vw, (max-width: 1000px) 54vw, (max-width: 1071px) 543px, 580px\" \/><\/figure>\n<\/div>\n\n\n<p><\/p>\n\n\n<div class=\"wp-block-image\">\n<figure class=\"aligncenter size-large\"><img loading=\"lazy\" decoding=\"async\" width=\"1024\" height=\"724\" src=\"https:\/\/doninu.eu\/wp-content\/uploads\/2025\/05\/Communications-Coordinator-\u2013-Ms.-Valerie-Vassallo-1024x724.jpg\" alt=\"\" class=\"wp-image-848\" srcset=\"https:\/\/doninu.eu\/wp-content\/uploads\/2025\/05\/Communications-Coordinator-\u2013-Ms.-Valerie-Vassallo-1024x724.jpg 1024w, https:\/\/doninu.eu\/wp-content\/uploads\/2025\/05\/Communications-Coordinator-\u2013-Ms.-Valerie-Vassallo-300x212.jpg 300w, https:\/\/doninu.eu\/wp-content\/uploads\/2025\/05\/Communications-Coordinator-\u2013-Ms.-Valerie-Vassallo-768x543.jpg 768w, https:\/\/doninu.eu\/wp-content\/uploads\/2025\/05\/Communications-Coordinator-\u2013-Ms.-Valerie-Vassallo-1536x1086.jpg 1536w, https:\/\/doninu.eu\/wp-content\/uploads\/2025\/05\/Communications-Coordinator-\u2013-Ms.-Valerie-Vassallo.jpg 1600w\" sizes=\"auto, (max-width: 767px) 89vw, (max-width: 1000px) 54vw, (max-width: 1071px) 543px, 580px\" \/><\/figure>\n<\/div>\n\n\n<p><\/p>\n\n\n<div class=\"wp-block-image\">\n<figure class=\"aligncenter size-large\"><img loading=\"lazy\" decoding=\"async\" width=\"1024\" height=\"724\" src=\"https:\/\/doninu.eu\/wp-content\/uploads\/2025\/05\/Director-of-Dancing-\u2013-Mr.-Jean-Claude-Dimech-1024x724.jpg\" alt=\"\" class=\"wp-image-858\" srcset=\"https:\/\/doninu.eu\/wp-content\/uploads\/2025\/05\/Director-of-Dancing-\u2013-Mr.-Jean-Claude-Dimech-1024x724.jpg 1024w, https:\/\/doninu.eu\/wp-content\/uploads\/2025\/05\/Director-of-Dancing-\u2013-Mr.-Jean-Claude-Dimech-300x212.jpg 300w, https:\/\/doninu.eu\/wp-content\/uploads\/2025\/05\/Director-of-Dancing-\u2013-Mr.-Jean-Claude-Dimech-768x543.jpg 768w, https:\/\/doninu.eu\/wp-content\/uploads\/2025\/05\/Director-of-Dancing-\u2013-Mr.-Jean-Claude-Dimech-1536x1086.jpg 1536w, https:\/\/doninu.eu\/wp-content\/uploads\/2025\/05\/Director-of-Dancing-\u2013-Mr.-Jean-Claude-Dimech.jpg 1600w\" sizes=\"auto, (max-width: 767px) 89vw, (max-width: 1000px) 54vw, (max-width: 1071px) 543px, 580px\" \/><\/figure>\n<\/div>\n\n\n<p><\/p>\n\n\n<div class=\"wp-block-image\">\n<figure class=\"aligncenter size-large\"><img loading=\"lazy\" decoding=\"async\" width=\"1024\" height=\"724\" src=\"https:\/\/doninu.eu\/wp-content\/uploads\/2025\/05\/Director-of-Singing-and-Music-\u2013-Ms.-Phyllisienne-Brincat-1024x724.jpg\" alt=\"\" class=\"wp-image-859\" srcset=\"https:\/\/doninu.eu\/wp-content\/uploads\/2025\/05\/Director-of-Singing-and-Music-\u2013-Ms.-Phyllisienne-Brincat-1024x724.jpg 1024w, https:\/\/doninu.eu\/wp-content\/uploads\/2025\/05\/Director-of-Singing-and-Music-\u2013-Ms.-Phyllisienne-Brincat-300x212.jpg 300w, https:\/\/doninu.eu\/wp-content\/uploads\/2025\/05\/Director-of-Singing-and-Music-\u2013-Ms.-Phyllisienne-Brincat-768x543.jpg 768w, https:\/\/doninu.eu\/wp-content\/uploads\/2025\/05\/Director-of-Singing-and-Music-\u2013-Ms.-Phyllisienne-Brincat-1536x1086.jpg 1536w, https:\/\/doninu.eu\/wp-content\/uploads\/2025\/05\/Director-of-Singing-and-Music-\u2013-Ms.-Phyllisienne-Brincat.jpg 1600w\" sizes=\"auto, (max-width: 767px) 89vw, (max-width: 1000px) 54vw, (max-width: 1071px) 543px, 580px\" \/><\/figure>\n<\/div>","protected":false},"excerpt":{"rendered":"<p>&#8220;One Mission, One Heart \u2013 For the Vulnerable.&#8221; Official Declaration Chev. Jean Pierre CallejaFounder and Leader of Doninu (Malta) International On this page, you will find the official certificates of honor awarded to all Board Members of Doninu (Malta) International, as a testament to our shared commitment and transparency. I, Chev. Jean Pierre Calleja, as &hellip; <\/p>\n<p class=\"link-more\"><a href=\"https:\/\/doninu.eu\/?page_id=833\" class=\"more-link\">Continue reading<span class=\"screen-reader-text\"> &#8220;Board Members official certificates .&#8221;<\/span><\/a><\/p>\n","protected":false},"author":1,"featured_media":0,"parent":0,"menu_order":0,"comment_status":"closed","ping_status":"closed","template":"","meta":{"footnotes":""},"class_list":["post-833","page","type-page","status-publish","hentry"],"_links":{"self":[{"href":"https:\/\/doninu.eu\/index.php?rest_route=\/wp\/v2\/pages\/833","targetHints":{"allow":["GET"]}}],"collection":[{"href":"https:\/\/doninu.eu\/index.php?rest_route=\/wp\/v2\/pages"}],"about":[{"href":"https:\/\/doninu.eu\/index.php?rest_route=\/wp\/v2\/types\/page"}],"author":[{"embeddable":true,"href":"https:\/\/doninu.eu\/index.php?rest_route=\/wp\/v2\/users\/1"}],"replies":[{"embeddable":true,"href":"https:\/\/doninu.eu\/index.php?rest_route=%2Fwp%2Fv2%2Fcomments&post=833"}],"version-history":[{"count":5,"href":"https:\/\/doninu.eu\/index.php?rest_route=\/wp\/v2\/pages\/833\/revisions"}],"predecessor-version":[{"id":1302,"href":"https:\/\/doninu.eu\/index.php?rest_route=\/wp\/v2\/pages\/833\/revisions\/1302"}],"wp:attachment":[{"href":"https:\/\/doninu.eu\/index.php?rest_route=%2Fwp%2Fv2%2Fmedia&parent=833"}],"curies":[{"name":"wp","href":"https:\/\/api.w.org\/{rel}","templated":true}]}}