{"id":89,"date":"2025-05-10T00:20:35","date_gmt":"2025-05-10T00:20:35","guid":{"rendered":"https:\/\/doninu.eu\/?page_id=89"},"modified":"2025-08-05T09:44:29","modified_gmt":"2025-08-05T09:44:29","slug":"knights-order","status":"publish","type":"page","link":"https:\/\/doninu.eu\/?page_id=89","title":{"rendered":"The Dynastic Imperial &amp; Royal Knights Order of the Blood of Christ."},"content":{"rendered":"\n<p><\/p>\n\n\n\n<figure class=\"wp-block-video aligncenter\"><video height=\"718\" style=\"aspect-ratio: 822 \/ 718;\" width=\"822\" controls src=\"https:\/\/doninu.eu\/wp-content\/uploads\/2025\/05\/GetSave.com_Facebook_Media_003_1104057068427930v.mp4\"><\/video><\/figure>\n\n\n\n<p class=\"has-text-align-center\"><strong>Royal New Year Blessings to His Majesty King Yuri I and the Kostrov&nbsp;Dynasty<\/strong><\/p>\n\n\n\n<p>Full Imperial and Royal Titles:<\/p>\n\n\n\n<p>His Imperial and Royal Majesty, By the Grace of God, King Yuriy I, Emperor and King of Kyivan and the Naddniepriansky, of Poltavian and Slobozhanian, Podillian and the Carpathians, Zaporozhzhian and Odessian, Polissian and Kubanian and all Ukraine-Rus, Khan-Khuu of the Golden Horde, Kazan and Crimea, Grand Duke of Jerusalem and Prince of Rus, Kagan-Bek of the Khazars, Archduke de Baixo Alentejo of Portugal de Burgundy-Afonsina, Prince de Avis of Portugal and Duke de Beja, Grand Duke de Greoux and Grand Duke de Joubar, Grand Duke of the Holy Catholic Empire and Grand Duke de San Isidro, Duke of Burgundy and King of the Sultanate of Kapatagan Valley, King of Tambang Terantang and Kampar, among others.<br>Dynastic DUX REX and REX ORDINIS, MAGISTER MAGNUS ULTIMUS &#8211; NOSTRUM CLAVIGER, Supreme Commander-in-Chief of the Imperial &amp; Royal Knights Order of the Blood of Christ, Grand Master of the Dynastic Order of Knights of the Temple of Avis, MAGISTER MAGNUS ULTIMUS &#8211; NOSTRUM CLAVIGER of the Dynastic Ancient Knights Order of King David, Grand Collar of the Venerable Order of the Holy Redeemer, Supreme Hetman of the Ukraine-Rus and the Imperial Cossack Army (Order), among others.<\/p>\n\n\n\n<h2 class=\"wp-block-heading has-text-align-center\"><strong>The Dynastic Imperial &amp; Royal Knights Order of the Blood of Christ.<\/strong><\/h2>\n\n\n<div class=\"wp-block-image\">\n<figure class=\"aligncenter size-full is-resized\"><img loading=\"lazy\" decoding=\"async\" width=\"720\" height=\"1022\" src=\"https:\/\/doninu.eu\/wp-content\/uploads\/2025\/05\/order-logo.png\" alt=\"\" class=\"wp-image-103\" style=\"width:242px;height:auto\" srcset=\"https:\/\/doninu.eu\/wp-content\/uploads\/2025\/05\/order-logo.png 720w, https:\/\/doninu.eu\/wp-content\/uploads\/2025\/05\/order-logo-211x300.png 211w\" sizes=\"auto, (max-width: 720px) 100vw, 720px\" \/><\/figure>\n<\/div>\n\n\n<!DOCTYPE html>\n<html lang=\"en\">\n<head>\n  <meta charset=\"UTF-8\">\n  <title>Dikjarazzjoni ta&#8217; Rikonoxximent Irjali<\/title>\n  <style>\n    body {\n      font-family: Georgia, serif;\n      line-height: 1.7;\n      background-color: #f8f8f8;\n      color: #333;\n      max-width: 900px;\n      margin: auto;\n      padding: 30px;\n    }\n    h1, h2 {\n      color: #800000;\n    }\n    .signature {\n      margin-top: 40px;\n      font-weight: bold;\n    }\n    .title {\n      font-style: italic;\n    }\n    .section {\n      background: #fff;\n      padding: 25px;\n      border-radius: 10px;\n      box-shadow: 0 2px 6px rgba(0,0,0,0.1);\n      margin-bottom: 40px;\n    }\n  <\/style>\n<\/head>\n<body>\n\n  <div class=\"section\">\n    <h1>Bil-Malti<\/h1>\n    <p>F\u2019isem <strong>L-Ordni Irjali tal-Imnikkta tad-Demm ta\u2019 Kristu<\/strong> u d-Dinastija Kostrov ta\u2019 Re Yuri I ta\u2019 Ukraina-Rus, nixtieq nesprimi l-iktar gratitudni sin\u010biera tag\u0127na lill-poplu Malti u G\u0127awdxi g\u0127all-appo\u0121\u0121 e\u010b\u010bezzjonali tag\u0127hom lejn il-fondazzjoni tag\u0127na tal-karit\u00e0, <strong>Doninu (Malta) International<\/strong>.<\/p>\n    <p>Il-kontribuzzjonijiet tag\u0127kom tejbu \u0127afna l-kapa\u010bit\u00e0 tag\u0127na li ng\u0127inu lil min hu fil-b\u017conn u komplew isa\u0127\u0127u l-missjoni ta\u2019 tjieba u g\u0127ajnuna li tinsab fil-qalba tal-Ordni tag\u0127na.<\/p>\n    <p>Il-poplu Malti, id-dedikazzjoni tag\u0127kom g\u0127al kaw\u017ci umanitarji tirrifletti l-og\u0127la ideali tas-servizz, u permezz tal-isforzi tag\u0127kom, \u0127afna \u0127ajjiet inbidlu g\u0127all-a\u0127jar. A\u0127na profondament grat g\u0127all-imsie\u0127ba tag\u0127kom f\u2019dan ix-xog\u0127ol nobbli li jinkorpora l-veru spirtu ta\u2019 \u0121enero\u017cit\u00e0 u solidarjet\u00e0.<\/p>\n    <p>Barra minn hekk, irrid insemmi li membri tal-Ordni tag\u0127na se jibqg\u0127u f\u2019kuntatt qrib mat-tfal Maltin, biex ji\u017cguraw li l-familji tag\u0127hom jir\u010bievu l-appo\u0121\u0121 u l-kura kontinwa me\u0127tie\u0121a waqt l-isfidi tag\u0127hom.<\/p>\n    <p>B\u0127ala <strong>Gran Mastru Internazzjonali<\/strong> tal-Ordni, nistenna bil-\u0127erqa l-unur li nilqa\u2019 lil kul\u0127add fil-familja tag\u0127na. Il-kontribuzzjonijiet tag\u0127kom se jkomplu jsa\u0127\u0127u r-rabtiet ta\u2019 servizz lejn il-bniedem.<\/p>\n    <div class=\"signature\">\n      <p>Chevallier Conrad Pace<\/p>\n      <p class=\"title\">Gran Mastru Internazzjonali tal-Ordni Irjali u Imperjali tad-Demm ta\u2019 Kristu<\/p>\n    <\/div>\n  <\/div>\n\n  <div class=\"section\">\n    <h1>English<\/h1>\n    <p>On behalf of the <strong>Royal Monarch Knight Order of the Blood of Christ<\/strong> and the <strong>Kostrov Dynasty of King Yuri I of Ukraine-Rus<\/strong>, I wish to extend our deepest gratitude to all the people of Malta and Gozo for their exceptional support towards our charity foundation, <strong>Doninu (Malta) International<\/strong>.<\/p>\n    <p>Your contributions have greatly enhanced our ability to serve those in need and have furthered the mission of compassion and aid that lies at the heart of our Order.<\/p>\n    <p>People of Malta, your dedication to humanitarian causes reflects the highest ideals of service, and through your efforts, countless lives have been touched. We are profoundly grateful for your partnership in this noble work, which embodies the true spirit of generosity and solidarity.<\/p>\n    <p>Additionally, I would like to mention that members of our Order will remain in close contact with the young Maltese children, ensuring that their families receive continued support and care as they face their challenges.<\/p>\n    <p>As <strong>International Grandmaster<\/strong> of the Order, I look forward to the honor of welcoming everyone into our family. Your contributions will strengthen the ties that bind us in service to humanity.<\/p>\n    <div class=\"signature\">\n      <p>Chevallier Conrad Pace<\/p>\n      <p class=\"title\">International Grandmaster of the Monarch Imperial and Royal Order of the Blood of Christ<\/p>\n    <\/div>\n  <\/div>\n\n  <div class=\"section\">\n    <h1>Italiano<\/h1>\n    <p>A nome del <strong>Ordine Reale Monarchico del Sangue di Cristo<\/strong> e della <strong>Dinastia Kostrov del Re Yuri I dell&#8217;Ucraina-Rus<\/strong>, desidero esprimere la nostra pi\u00f9 profonda gratitudine a tutto il popolo maltese e gozotiano per il loro eccezionale supporto alla nostra fondazione caritatevole, <strong>Doninu (Malta) International<\/strong>.<\/p>\n    <p>Il vostro contributo ha notevolmente migliorato la nostra capacit\u00e0 di servire chi \u00e8 nel bisogno, e ha rafforzato la missione di compassione e aiuto che \u00e8 al centro del nostro Ordine.<\/p>\n    <p>Popolo di Malta, la vostra dedizione alle cause umanitarie riflette i pi\u00f9 alti ideali di servizio. Siamo profondamente grati per la vostra collaborazione in questa nobile causa.<\/p>\n    <div class=\"signature\">\n      <p>Chevallier Conrad Pace<\/p>\n      <p class=\"title\">Gran Maestro Internazionale dell&#8217;Ordine Imperiale e Reale del Sangue di Cristo<\/p>\n    <\/div>\n  <\/div>\n\n  <div class=\"section\">\n    <h1>Fran\u00e7ais<\/h1>\n    <p>Au nom de <strong>l&#8217;Ordre Royal du Sang du Christ<\/strong> et de la <strong>Dynastie Kostrov du Roi Yuri I d&#8217;Ukraine-Rus<\/strong>, je tiens \u00e0 exprimer notre profonde gratitude au peuple maltais et gozitain pour son soutien exceptionnel envers notre fondation caritative, <strong>Doninu (Malta) International<\/strong>.<\/p>\n    <p>Vos contributions ont grandement renforc\u00e9 notre capacit\u00e9 \u00e0 aider les personnes dans le besoin et ont fait progresser notre mission de compassion et de service.<\/p>\n    <p>Peuple de Malte, votre d\u00e9vouement aux causes humanitaires refl\u00e8te les plus hauts id\u00e9aux du service. Nous vous remercions sinc\u00e8rement pour votre engagement dans cette \u0153uvre noble.<\/p>\n    <div class=\"signature\">\n      <p>Chevallier Conrad Pace<\/p>\n      <p class=\"title\">Grand Ma\u00eetre International de l&#8217;Ordre Royal et Imp\u00e9rial du Sang du Christ<\/p>\n    <\/div>\n  <\/div>\n\n  <div class=\"section\">\n    <h1>Deutsch<\/h1>\n    <p>Im Namen des <strong>K\u00f6niglichen Ritterordens vom Blut Christi<\/strong> und der <strong>Kostrov-Dynastie von K\u00f6nig Yuri I. der Ukraine-Rus<\/strong> m\u00f6chte ich unseren tiefsten Dank an das maltesische und gozitanische Volk f\u00fcr seine au\u00dfergew\u00f6hnliche Unterst\u00fctzung unserer Wohlt\u00e4tigkeitsstiftung <strong>Doninu (Malta) International<\/strong> aussprechen.<\/p>\n    <p>Ihre Beitr\u00e4ge haben unsere F\u00e4higkeit, Bed\u00fcrftigen zu helfen, erheblich verbessert und die Mission von Mitgef\u00fchl und Hilfe vorangebracht, die im Herzen unseres Ordens liegt.<\/p>\n    <p>Volk von Malta, Ihr Engagement f\u00fcr humanit\u00e4re Anliegen spiegelt die h\u00f6chsten Ideale des Dienstes wider. Wir sind zutiefst dankbar f\u00fcr Ihre Partnerschaft in dieser edlen Arbeit.<\/p>\n    <div class=\"signature\">\n      <p>Chevallier Conrad Pace<\/p>\n      <p class=\"title\">Internationaler Gro\u00dfmeister des Monarchisch-Kaiserlichen Ordens vom Blut Christi<\/p>\n    <\/div>\n  <\/div>\n\n<\/body>\n<\/html>\n\n\n\n<h3 class=\"wp-block-heading\"><strong>Anthem of The Dynastic Imperial &amp; Royal Knights Order of the Blood of Christ.<\/strong><\/h3>\n\n\n\n<p><strong>&#8220;Knights of Peace, Called by the Blood&#8221;<\/strong><br><em>For Choir and Orchestra<\/em><\/p>\n\n\n\n<hr class=\"wp-block-separator has-alpha-channel-opacity\"\/>\n\n\n\n<p><strong>Intro (Orchestral \u2013 brass and strings build majestically)<\/strong><br><em>Slow timpani beat beneath rising horns, leading into choral entry<\/em><\/p>\n\n\n\n<hr class=\"wp-block-separator has-alpha-channel-opacity\"\/>\n\n\n\n<p><strong>Verse 1 (Choir in full harmony):<\/strong><br>From every land, our banners rise,<br>Beneath one King, we pledge our lives.<br>Bound by love, and oath so pure,<br>In Christ\u2019s own name, our path is sure.<br>No crown of gold, nor thirst for might,<br>But truth and justice are our fight.<\/p>\n\n\n\n<hr class=\"wp-block-separator has-alpha-channel-opacity\"\/>\n\n\n\n<p><strong>Latin Refrain (Choir \u2013 fortissimo):<\/strong><br><em>Gloria in Cruce, Sanguis Regalis!<\/em><br><em>Pax et Caritas, arma nostra sunt.<\/em><br><em>Doninu regnat, in corde unitas,<\/em><br><em>Milites Christi, ad lucem surgunt!<\/em><\/p>\n\n\n\n<p>(Translation:<br>Glory in the Cross, Royal Blood!<br>Peace and Charity are our arms.<br>Doninu reigns, in heart, unity,<br>Knights of Christ, rise toward the light!)<\/p>\n\n\n\n<hr class=\"wp-block-separator has-alpha-channel-opacity\"\/>\n\n\n\n<p><strong>Verse 2 (Soloist with soft orchestral accompaniment, then full choir joins):<\/strong><br>Doninu stands, our sacred heart,<br>Where every knight shall play their part.<br>To end all hunger, end all pain,<br>To break the chains of tyrant reign.<br>No innocent shall fall in vain,<br>For Christ our King, we ride again.<\/p>\n\n\n\n<hr class=\"wp-block-separator has-alpha-channel-opacity\"\/>\n\n\n\n<p><strong>Latin Refrain (Choir with organ and full orchestra):<\/strong><br><em>Gloria in Cruce, Sanguis Regalis!<\/em><br><em>Pax et Caritas, arma nostra sunt.<\/em><br><em>Doninu regnat, in corde unitas,<\/em><br><em>Milites Christi, ad lucem surgunt!<\/em><\/p>\n\n\n\n<hr class=\"wp-block-separator has-alpha-channel-opacity\"\/>\n\n\n\n<p><strong>Bridge (Male voices in unison, then soaring female harmonies):<\/strong><br>We ride not armed with blade alone,<br>But hearts of fire and faith well-known.<br>No fear shall turn our courage low,<br>Where Christ commands, we boldly go.<\/p>\n\n\n\n<hr class=\"wp-block-separator has-alpha-channel-opacity\"\/>\n\n\n\n<p><strong>Final Chorus (Full choir and orchestra \u2013 triumphant):<\/strong><br>Knights of peace, forever true,<br>To justice, love, and mercy due.<br>Bound as one beneath God\u2019s sign,<br>The Blood of Christ, our holy line.<br>Doninu leads, our guiding star\u2014<br>Knights of Heaven, here we are!<\/p>\n\n\n\n<hr class=\"wp-block-separator has-alpha-channel-opacity\"\/>\n\n\n\n<p><strong>Coda (Latin \u2013 repeated softly then powerfully):<\/strong><br><em>Sanguis Christi, lux mundi!<\/em><br><em>Sanguis Christi, lux mundi!<\/em><\/p>\n\n\n\n<p>(Translation:<br>Blood of Christ, light of the world!)<br><br>Lyrics: Chev Jean Pierre Calleja<br>Music:<br><br><br><\/p>\n\n\n\n<p>Recently, a Treaty on Mutual Recognition, Friendship, and Cooperation was concluded between the renowned dynastic Knightly Orders of Europe: The Dynastic Imperial &amp; Royal Knights Order of the Blood of Christ.represented by the Head of the Most August House of the Ukraine-Rus and DUX REX, REX ORDINIS, GRAND MASTER EMERITUS, and Commander-in-Chief of the Order, H.I.R.M. King Yuriy Ist, as well as the International Grand Master of the Order, H.E. Marquis Conrad Pace; and the Royal Knights Order of Monsanto, represented by the Head of the Royal House of Burgundy-Afonsina of Portugal, Commander-in-Chief of the Templars of Portugal, H.R.H. Prince Dom Nuno Henriques Burgundy-Afonsina, Duke, and the Grand Master of the Order, Fr. Dom Jo\u00e3o Pela, Duke.<\/p>\n\n\n\n<p>The editorial board of &#8220;Monarchy&#8221; magazine is already receiving congratulations on this historic event from Imperial and Royal Houses worldwide, as well as from Knightly Orders.<br>The editorial board joins in these congratulations.<\/p>\n\n\n<div class=\"wp-block-image\">\n<figure class=\"aligncenter size-large\"><img loading=\"lazy\" decoding=\"async\" width=\"1024\" height=\"726\" src=\"https:\/\/doninu.eu\/wp-content\/uploads\/2025\/05\/494070345_1433458327841486_8154385827053484864_n-1024x726.jpg\" alt=\"\" class=\"wp-image-419\" srcset=\"https:\/\/doninu.eu\/wp-content\/uploads\/2025\/05\/494070345_1433458327841486_8154385827053484864_n-1024x726.jpg 1024w, https:\/\/doninu.eu\/wp-content\/uploads\/2025\/05\/494070345_1433458327841486_8154385827053484864_n-300x213.jpg 300w, https:\/\/doninu.eu\/wp-content\/uploads\/2025\/05\/494070345_1433458327841486_8154385827053484864_n-768x544.jpg 768w, https:\/\/doninu.eu\/wp-content\/uploads\/2025\/05\/494070345_1433458327841486_8154385827053484864_n-1536x1088.jpg 1536w, https:\/\/doninu.eu\/wp-content\/uploads\/2025\/05\/494070345_1433458327841486_8154385827053484864_n.jpg 2048w\" sizes=\"auto, (max-width: 767px) 89vw, (max-width: 1000px) 54vw, (max-width: 1071px) 543px, 580px\" \/><\/figure>\n<\/div>\n\n\n<p><\/p>\n\n\n\n<figure class=\"wp-block-image size-large\"><img loading=\"lazy\" decoding=\"async\" width=\"1024\" height=\"769\" src=\"https:\/\/doninu.eu\/wp-content\/uploads\/2025\/05\/certificate-pierre-1024x769.jpg\" alt=\"\" class=\"wp-image-428\" srcset=\"https:\/\/doninu.eu\/wp-content\/uploads\/2025\/05\/certificate-pierre-1024x769.jpg 1024w, https:\/\/doninu.eu\/wp-content\/uploads\/2025\/05\/certificate-pierre-300x225.jpg 300w, https:\/\/doninu.eu\/wp-content\/uploads\/2025\/05\/certificate-pierre-768x577.jpg 768w, https:\/\/doninu.eu\/wp-content\/uploads\/2025\/05\/certificate-pierre-1536x1154.jpg 1536w, https:\/\/doninu.eu\/wp-content\/uploads\/2025\/05\/certificate-pierre.jpg 1600w\" sizes=\"auto, (max-width: 767px) 89vw, (max-width: 1000px) 54vw, (max-width: 1071px) 543px, 580px\" \/><\/figure>\n\n\n\n<p><\/p>\n\n\n\n<figure class=\"wp-block-image size-large\"><img loading=\"lazy\" decoding=\"async\" width=\"790\" height=\"1024\" src=\"https:\/\/doninu.eu\/wp-content\/uploads\/2025\/05\/ROYAL-BLESING-790x1024.jpg\" alt=\"\" class=\"wp-image-431\" srcset=\"https:\/\/doninu.eu\/wp-content\/uploads\/2025\/05\/ROYAL-BLESING-790x1024.jpg 790w, https:\/\/doninu.eu\/wp-content\/uploads\/2025\/05\/ROYAL-BLESING-231x300.jpg 231w, https:\/\/doninu.eu\/wp-content\/uploads\/2025\/05\/ROYAL-BLESING-768x995.jpg 768w, https:\/\/doninu.eu\/wp-content\/uploads\/2025\/05\/ROYAL-BLESING-1185x1536.jpg 1185w, https:\/\/doninu.eu\/wp-content\/uploads\/2025\/05\/ROYAL-BLESING-1580x2048.jpg 1580w, https:\/\/doninu.eu\/wp-content\/uploads\/2025\/05\/ROYAL-BLESING-scaled.jpg 1975w\" sizes=\"auto, (max-width: 767px) 89vw, (max-width: 1000px) 54vw, (max-width: 1071px) 543px, 580px\" \/><\/figure>\n\n\n\n<p><\/p>\n\n\n\n<details class=\"wp-block-details is-layout-flow wp-block-details-is-layout-flow\"><summary><strong>ROYAL NEWS<\/strong><br><strong>05 August 2025<\/strong><br><strong>FROM THE DYNASTIC ARCHIVE<\/strong><br><strong>OF THE MOST AUGUST HOUSE OF UKRAINE-RUS\u2019<\/strong><br><strong>DEPARTMENT OF HERALDRY<\/strong><br><strong>Sovereign Imperial and Royal House of Ukraine-Rus\u2019<\/strong><br><em>In the Name of the Most Holy, Life-Giving, and Indivisible Trinity \u2014 the Father, the Son, and the Holy Spirit. Amen.<\/em><br>Based on a comprehensive analysis of historical, dynastic, and genealogical sources, and in accordance with Ecclesiastical Decrees and Bulls, the Department of Heraldry publishes the following:<br><br><strong>Heraldic Charter of Recognition and Confirmation<\/strong><br><strong>of the Sovereign and Dynastic Prerogatives<\/strong><br><strong>of His Imperial and Royal Majesty, Yuri I Kostrov,<\/strong><br><strong>King of Ukraine-Rus\u2019,<\/strong><br><strong>Head of the Imperial and Royal House of the Kostrov Dynasty<\/strong><br><strong>No. 70003122021<\/strong><br><br><strong>In the Name of the Lord, let it be known to all,<\/strong><br>that the heraldic investigations herein were conducted beginning in the year 1992, in full compliance with canonical, dynastic, and international law, and they now attain full legal force by virtue of the authority entrusted to us by faith, conscience, and the inviolable traditions of the Most August Houses of the world.<br>I.<br>The prerogatives derived from canonical and legal rights grant us the authority to issue registers, conclusions, and acts of recognition, including the confirmation of dynastic and heraldic titles.<br>II.<br>In the field of genealogy and dynastic succession, we affirm the lawful application of the following legal principles:<br><strong>Jus Historicum<\/strong> (Historical Right),<br><strong>Jus Genealogicum<\/strong> (Genealogical Right),<br><strong>Fons Honorum<\/strong> (Fountain of Honor),<br><strong>Jus Majestatis<\/strong> (Right of Majesty),<br><strong>Jus Imperii<\/strong> (Right of Sovereignty),<br><strong>Nobiliary Law<\/strong>,<br><strong>International Law<\/strong>.<br>Accordingly, after thorough examination, we recognize <strong>His Imperial and Royal Majesty, King Yuri I Kostrov of Ukraine-Rus\u2019<\/strong>, as the legitimate descendant and blood representative of the noble and ancient House of Kostrov.<br>III.<br>His Imperial and Royal Majesty Yuri I, a Grand Duke with dynastic rights, hereditary titles, territorial jurisdiction, pontifical powers, and internationally acknowledged privileges, is confirmed by:<br>Bishops, Archbishops, and Patriarchs,<br>Royal, ducal, and princely houses,<br>Orders, academies, and sovereign institutions.<br>He is the <strong>Head of Arms<\/strong>, <strong>Head and Sovereign of the Imperial and Royal House of Ukraine-Rus\u2019<\/strong>, and <strong>Grand Master of all its Orders<\/strong>.<br>IV.<br>As His Majesty is a direct descendant of the Portuguese Royal House of Avis, from a lineage of tithers of the Holy Roman Catholic Church, we officially recognize his dynastic prerogatives as just, lawful, and based on the rights of blood and sovereignty.<br>V.<br>We confirm that His Majesty holds full dynastic, state, and international legal prerogatives, including:<br><strong>Jus Sanguinis<\/strong> (Right of Blood),<br><strong>Jus Majestatis<\/strong> (Right of Majesty),<br><strong>Jus Imperii<\/strong> (Right of Sovereignty),<br><strong>Fons Honorum<\/strong> (Fountain of Honor).<br>VI.<br>On his maternal line, His Majesty descends from the <strong>Royal House of David<\/strong>, through <strong>Prince Meshullam<\/strong>, son of <strong>Prince Zerubbabel<\/strong>, as well as from the <strong>Bulani dynasty of the Khazar Khaganate<\/strong>.<br>VII.<br>His great-grandfather was <strong>Antonio I the Resolute<\/strong>, son of <strong>Infante Lu\u00eds, Duke of Beja<\/strong>, grandson of <strong>King Manuel I of Portugal<\/strong>, born in Lisbon on 26 August 1531, and deceased in Paris in August 1595.<br>VIII.<br>On his paternal side, His Majesty is a direct descendant of <strong>Emperor Genghis Khan<\/strong>, through <strong>Jochi Khan<\/strong>, and further down through the Khans of the <strong>Golden Horde<\/strong>, <strong>Crimea<\/strong>, <strong>Kazan<\/strong>, the <strong>Giray Dynasty<\/strong>, and eventually to the Russian princely House of Kostrov and the Cossack Hetmans of Ukraine.<br>IX.<br>In view of the above, we confirm the authenticity of all titles granted to His Imperial and Royal Majesty Yuri I Kostrov of Ukraine-Rus\u2019 \u2014 as <strong>Sovereign King<\/strong>, <strong>Grand Duke<\/strong>, and <strong>Duke of the House of Kostrov<\/strong>.<br>These titles form an inalienable part of his immunities, including:<br><strong>Jus Majestatis<\/strong> \u2014 the right to be protected and respected under international jurisdiction,<br><strong>Jus Imperii<\/strong> \u2014 the right to govern and exercise authority,<br><strong>Fons Honorum<\/strong> \u2014 the right to confer titles, ranks, orders, and awards.<br>X.<br>His Majesty holds the right to:<br>Establish and approve military and civil symbols,<br>Grant and renew noble titles,<br>Appoint ambassadors, plenipotentiary ministers, and other representatives,<br>Issue decrees, and establish orders, academies, colleges, institutes, and other institutions.<br>All of these fall under the spiritual, legal, and symbolic patronage of the Sovereign Imperial and Royal House of Kostrov.<br>XI.<br>We affirm that all Orders and institutions under the patronage of the House of Kostrov constitute <strong>Cultural Heritage<\/strong>, protected under international legal standards.<br>XII.<br>According to international legal doctrine, rights of sovereignty and dynastic prerogatives are <strong>hereditary, inalienable, and perpetual (ad infinitum)<\/strong> \u2014 by blood and by adoption \u2014 in civil, heraldic, and spiritual contexts.<br>XIII.<br>We also confirm that, based on the <strong>Code of Canon Law (Canons 807\u2013809)<\/strong>, His Majesty has the authority to establish cultural, philosophical, and ecclesiastical institutions without external registration \u2014 as internal organs of the Sovereign House.<br>XIV.<br>We emphasize that monarchs and princely dynasties possessing historical sovereignty <strong>do not require recognition from contemporary governments or registration in countries of residence<\/strong>. Their dynastic autonomy is based on their own <strong>Jus Majestatis<\/strong> and <strong>Fons Honorum<\/strong>, acknowledged in international practice and canon law.<br><br><strong>Let this be recognized universally and eternally!<\/strong><br><strong>Let our proclamation be fulfilled!<\/strong><br>In the Glory of the One God, glorified in the Trinity \u2014 the Father, the Son, and the Holy Spirit. Amen.<br><strong>Issued and Confirmed<\/strong><br>by the <strong>Department of Heraldry<\/strong> of the <strong>Sovereign Imperial and Royal House of Ukraine-Rus\u2019<\/strong><br>on the <strong>3rd day of December, 2021<\/strong>,<br>with the official Seal and Coat of Arms affixed.<\/summary>\n<p><\/p>\n<\/details>\n","protected":false},"excerpt":{"rendered":"<p>Royal New Year Blessings to His Majesty King Yuri I and the Kostrov&nbsp;Dynasty Full Imperial and Royal Titles: His Imperial and Royal Majesty, By the Grace of God, King Yuriy I, Emperor and King of Kyivan and the Naddniepriansky, of Poltavian and Slobozhanian, Podillian and the Carpathians, Zaporozhzhian and Odessian, Polissian and Kubanian and all &hellip; <\/p>\n<p class=\"link-more\"><a href=\"https:\/\/doninu.eu\/?page_id=89\" class=\"more-link\">Continue reading<span class=\"screen-reader-text\"> &#8220;The Dynastic Imperial &amp; Royal Knights Order of the Blood of Christ.&#8221;<\/span><\/a><\/p>\n","protected":false},"author":1,"featured_media":0,"parent":0,"menu_order":0,"comment_status":"closed","ping_status":"closed","template":"","meta":{"footnotes":""},"class_list":["post-89","page","type-page","status-publish","hentry"],"_links":{"self":[{"href":"https:\/\/doninu.eu\/index.php?rest_route=\/wp\/v2\/pages\/89","targetHints":{"allow":["GET"]}}],"collection":[{"href":"https:\/\/doninu.eu\/index.php?rest_route=\/wp\/v2\/pages"}],"about":[{"href":"https:\/\/doninu.eu\/index.php?rest_route=\/wp\/v2\/types\/page"}],"author":[{"embeddable":true,"href":"https:\/\/doninu.eu\/index.php?rest_route=\/wp\/v2\/users\/1"}],"replies":[{"embeddable":true,"href":"https:\/\/doninu.eu\/index.php?rest_route=%2Fwp%2Fv2%2Fcomments&post=89"}],"version-history":[{"count":5,"href":"https:\/\/doninu.eu\/index.php?rest_route=\/wp\/v2\/pages\/89\/revisions"}],"predecessor-version":[{"id":1681,"href":"https:\/\/doninu.eu\/index.php?rest_route=\/wp\/v2\/pages\/89\/revisions\/1681"}],"wp:attachment":[{"href":"https:\/\/doninu.eu\/index.php?rest_route=%2Fwp%2Fv2%2Fmedia&parent=89"}],"curies":[{"name":"wp","href":"https:\/\/api.w.org\/{rel}","templated":true}]}}