{"id":944,"date":"2025-05-20T08:10:08","date_gmt":"2025-05-20T08:10:08","guid":{"rendered":"https:\/\/doninu.eu\/?page_id=944"},"modified":"2025-05-20T18:07:23","modified_gmt":"2025-05-20T18:07:23","slug":"doninu-general-forms","status":"publish","type":"page","link":"https:\/\/doninu.eu\/?page_id=944","title":{"rendered":"Doninu General Forms"},"content":{"rendered":"\n<p><\/p>\n\n\n\n<section style=\"background-color:#f9f9f9; border-left: 6px solid #004080; padding: 20px; margin: 30px 0; border-radius: 10px;\">\n  <h2 style=\"color:#004080; font-weight:700;\">Avvi\u017c Importanti \/ Important Notice<\/h2>\n  <p style=\"color:#333;\">\n    <strong>Malti:<\/strong><br>\n    Doninu (Malta) International mhijiex re\u0121istrata mal-OCVO, u <strong>mhijiex obbligata tirre\u0121istra<\/strong>, skont il-Kapitolu 492 tal-Li\u0121ijiet ta\u2019 Malta.<br>\n    Ma ni\u0121brux flus, ma g\u0127andniex kontijiet bankarji, u ma nir\u010bevux fondi mill-Gvern jew entitajiet privati. A\u0127na noperaw legalment u b\u2019mod trasparenti billi ng\u0127inu lill-vulnerabbli b\u2019o\u0121\u0121etti b\u0127all-ikel u l-\u0127wejje\u0121.\n  <\/p>\n  <p style=\"color:#333; margin-top: 10px;\">\n    <strong>English:<\/strong><br>\n    Doninu (Malta) International is not registered with the OCVO and is <strong>not legally required to register<\/strong>, in accordance with Chapter 492 of the Laws of Malta.<br>\n    We do not collect money, have no bank accounts, and receive no government or private funding. We operate legally and transparently by supporting vulnerable people through food, clothing, and item donations.\n  <\/p>\n<\/section>\n\n\n\n<p>Free Membership Application:<\/p>\n\n\n\n<div data-wp-interactive=\"core\/file\" class=\"wp-block-file\"><object data-wp-bind--hidden=\"!state.hasPdfPreview\" hidden class=\"wp-block-file__embed\" data=\"https:\/\/doninu.eu\/wp-content\/uploads\/2025\/05\/A.MEMBERSHIP-FORM.pdf\" type=\"application\/pdf\" style=\"width:100%;height:600px\" aria-label=\"Embed of MEMBERSHIP FORM.\"><\/object><a id=\"wp-block-file--media-3bc65d71-071c-4bfa-a73d-877837df0ac5\" href=\"https:\/\/doninu.eu\/wp-content\/uploads\/2025\/05\/A.MEMBERSHIP-FORM.pdf\">MEMBERSHIP FORM<\/a><a href=\"https:\/\/doninu.eu\/wp-content\/uploads\/2025\/05\/A.MEMBERSHIP-FORM.pdf\" class=\"wp-block-file__button wp-element-button\" download aria-describedby=\"wp-block-file--media-3bc65d71-071c-4bfa-a73d-877837df0ac5\">Download<\/a><\/div>\n\n\n\n<p><\/p>\n\n\n\n<p><br><\/p>\n","protected":false},"excerpt":{"rendered":"<p>Avvi\u017c Importanti \/ Important Notice Malti: Doninu (Malta) International mhijiex re\u0121istrata mal-OCVO, u mhijiex obbligata tirre\u0121istra, skont il-Kapitolu 492 tal-Li\u0121ijiet ta\u2019 Malta. Ma ni\u0121brux flus, ma g\u0127andniex kontijiet bankarji, u ma nir\u010bevux fondi mill-Gvern jew entitajiet privati. A\u0127na noperaw legalment u b\u2019mod trasparenti billi ng\u0127inu lill-vulnerabbli b\u2019o\u0121\u0121etti b\u0127all-ikel u l-\u0127wejje\u0121. English: Doninu (Malta) International is &hellip; <\/p>\n<p class=\"link-more\"><a href=\"https:\/\/doninu.eu\/?page_id=944\" class=\"more-link\">Continue reading<span class=\"screen-reader-text\"> &#8220;Doninu General Forms&#8221;<\/span><\/a><\/p>\n","protected":false},"author":1,"featured_media":0,"parent":0,"menu_order":0,"comment_status":"closed","ping_status":"closed","template":"","meta":{"footnotes":""},"class_list":["post-944","page","type-page","status-publish","hentry"],"_links":{"self":[{"href":"https:\/\/doninu.eu\/index.php?rest_route=\/wp\/v2\/pages\/944","targetHints":{"allow":["GET"]}}],"collection":[{"href":"https:\/\/doninu.eu\/index.php?rest_route=\/wp\/v2\/pages"}],"about":[{"href":"https:\/\/doninu.eu\/index.php?rest_route=\/wp\/v2\/types\/page"}],"author":[{"embeddable":true,"href":"https:\/\/doninu.eu\/index.php?rest_route=\/wp\/v2\/users\/1"}],"replies":[{"embeddable":true,"href":"https:\/\/doninu.eu\/index.php?rest_route=%2Fwp%2Fv2%2Fcomments&post=944"}],"version-history":[{"count":5,"href":"https:\/\/doninu.eu\/index.php?rest_route=\/wp\/v2\/pages\/944\/revisions"}],"predecessor-version":[{"id":1053,"href":"https:\/\/doninu.eu\/index.php?rest_route=\/wp\/v2\/pages\/944\/revisions\/1053"}],"wp:attachment":[{"href":"https:\/\/doninu.eu\/index.php?rest_route=%2Fwp%2Fv2%2Fmedia&parent=944"}],"curies":[{"name":"wp","href":"https:\/\/api.w.org\/{rel}","templated":true}]}}