{"id":986,"date":"2025-05-20T11:59:00","date_gmt":"2025-05-20T11:59:00","guid":{"rendered":"https:\/\/doninu.eu\/?page_id=986"},"modified":"2025-05-20T11:59:00","modified_gmt":"2025-05-20T11:59:00","slug":"holy-bible","status":"publish","type":"page","link":"https:\/\/doninu.eu\/?page_id=986","title":{"rendered":"Holy Bible"},"content":{"rendered":"\n<div data-wp-interactive=\"core\/file\" class=\"wp-block-file\"><object data-wp-bind--hidden=\"!state.hasPdfPreview\" hidden class=\"wp-block-file__embed\" data=\"https:\/\/doninu.eu\/wp-content\/uploads\/2025\/05\/Holy-Bible.pdf\" type=\"application\/pdf\" style=\"width:100%;height:600px\" aria-label=\"Embed of Holy Bible.\"><\/object><a id=\"wp-block-file--media-3f979f5f-cc00-43b4-b772-8963a5725058\" href=\"https:\/\/doninu.eu\/wp-content\/uploads\/2025\/05\/Holy-Bible.pdf\">Holy Bible<\/a><a href=\"https:\/\/doninu.eu\/wp-content\/uploads\/2025\/05\/Holy-Bible.pdf\" class=\"wp-block-file__button wp-element-button\" download aria-describedby=\"wp-block-file--media-3f979f5f-cc00-43b4-b772-8963a5725058\">Download<\/a><\/div>\n\n\n\n<p><\/p>\n\n\n\n<!DOCTYPE html>\n<html lang=\"en\">\n<head>\n  <meta charset=\"UTF-8\">\n  <meta name=\"viewport\" content=\"width=device-width, initial-scale=1.0\">\n  <title>Our Mission | Doninu (Malta) International<\/title>\n  <style>\n    body {\n      font-family: Arial, sans-serif;\n      margin: 2em;\n      line-height: 1.6;\n      color: #222;\n    }\n    h1, h2 {\n      color: #004080;\n    }\n    blockquote {\n      background: #f9f9f9;\n      border-left: 10px solid #ccc;\n      margin: 1em 0;\n      padding: 1em;\n      font-style: italic;\n    }\n  <\/style>\n<\/head>\n<body>\n\n  <h1>\ud83c\udf3f Doninu (Malta) International: Guided by God&#8217;s Word<\/h1>\n\n  <h2>English Version<\/h2>\n  <p>At <strong>Doninu (Malta) International<\/strong>, above all else, we commit ourselves to walking in the light of God\u2019s Word. We believe that leadership belongs solely to God, and those of us who serve within this organisation are merely His humble instruments\u2014servants of love and charity.<\/p>\n  <p>We do not fear the truth, nor do we compromise it. We serve not for profit, status, or recognition, but out of love for others, according to the commandment of our Lord Jesus Christ.<\/p>\n\n  <h3>Bible Verses That Inspire Our Mission:<\/h3>\n  <blockquote>Mark 10:45 \u2013 \u201cFor even the Son of Man did not come to be served, but to serve, and to give His life as a ransom for many.\u201d<\/blockquote>\n  <blockquote>1 John 3:18 \u2013 \u201cDear children, let us not love with words or speech but with actions and in truth.\u201d<\/blockquote>\n  <blockquote>Galatians 6:9-10 \u2013 \u201cLet us not grow weary in doing good&#8230; let us do good to all people.\u201d<\/blockquote>\n  <blockquote>Proverbs 31:8-9 \u2013 \u201cSpeak up for those who cannot speak for themselves&#8230; defend the rights of the poor and needy.\u201d<\/blockquote>\n  <blockquote>Micah 6:8 \u2013 \u201cAct justly, love mercy, and walk humbly with your God.\u201d<\/blockquote>\n\n  <hr>\n\n  <h2>Ver\u017cjoni bil-Malti<\/h2>\n  <p>F\u2019<strong>Doninu (Malta) International<\/strong>, qabel kollox, immexxu ru\u0127na skont il-Kelma ta\u2019 Alla. G\u0127alina, l-uniku Mexxej tag\u0127na hu Alla l-Imbierek, u a\u0127na biss qaddejja tieg\u0127u, mag\u0127\u017culin biex inservu bl-im\u0127abba u bil-karit\u00e0 lil min hu fil-b\u017conn.<\/p>\n  <p>Ma nib\u017cg\u0127ux mill-verit\u00e0 u ma n\u010bedux g\u0127all-kompromess. Ma na\u0127dmux g\u0127all-profitt jew g\u0127ar-rikonoxximent, imma g\u0127ax in\u0127obbu lill-proxxmu, kif uriena Sidna \u0120es\u00f9 Kristu.<\/p>\n\n  <h3>Versi mill-Bibbja li Jispirawna:<\/h3>\n  <blockquote>Mark 10:45 \u2013 \u201cG\u0127ax anke Bin il-Bniedem ma \u0121iex biex jaqdi lilu nnifsu, imma biex jaqdi u jag\u0127ti \u0127ajtu b\u2019sagrifi\u010b\u010bju g\u0127al \u0127afna.\u201d<\/blockquote>\n  <blockquote>1 \u0120wanni 3:18 \u2013 \u201cUliedi, ejjew in\u0127obbu mhux bil-kliem jew bit-ta\u0127dit, imma bil-g\u0127emil u bil-verit\u00e0.\u201d<\/blockquote>\n  <blockquote>Galatin 6:9-10 \u2013 \u201cMa naqtg\u0127ux qalbna milli nag\u0127mlu t-tajjeb&#8230; ejjew nag\u0127mlu t-tajjeb ma\u2019 kul\u0127add.\u201d<\/blockquote>\n  <blockquote>Proverbji 31:8-9 \u2013 \u201cTkellem g\u0127al dawk li ma jistg\u0127ux jitkellmu g\u0127alihom infushom&#8230; iddefendi d-drittijiet tal-fqar u l-batut.\u201d<\/blockquote>\n  <blockquote>Mika 6:8 \u2013 \u201cLi tag\u0127mel il-\u0121ustizzja, li t\u0127obb il-\u0127niena, u li timxi umilment ma\u2019 Alla tieg\u0127ek.\u201d<\/blockquote>\n\n<\/body>\n<\/html>\n\n","protected":false},"excerpt":{"rendered":"<p>Our Mission | Doninu (Malta) International \ud83c\udf3f Doninu (Malta) International: Guided by God&#8217;s Word English Version At Doninu (Malta) International, above all else, we commit ourselves to walking in the light of God\u2019s Word. We believe that leadership belongs solely to God, and those of us who serve within this organisation are merely His humble &hellip; <\/p>\n<p class=\"link-more\"><a href=\"https:\/\/doninu.eu\/?page_id=986\" class=\"more-link\">Continue reading<span class=\"screen-reader-text\"> &#8220;Holy Bible&#8221;<\/span><\/a><\/p>\n","protected":false},"author":1,"featured_media":0,"parent":0,"menu_order":0,"comment_status":"closed","ping_status":"closed","template":"","meta":{"footnotes":""},"class_list":["post-986","page","type-page","status-publish","hentry"],"_links":{"self":[{"href":"https:\/\/doninu.eu\/index.php?rest_route=\/wp\/v2\/pages\/986","targetHints":{"allow":["GET"]}}],"collection":[{"href":"https:\/\/doninu.eu\/index.php?rest_route=\/wp\/v2\/pages"}],"about":[{"href":"https:\/\/doninu.eu\/index.php?rest_route=\/wp\/v2\/types\/page"}],"author":[{"embeddable":true,"href":"https:\/\/doninu.eu\/index.php?rest_route=\/wp\/v2\/users\/1"}],"replies":[{"embeddable":true,"href":"https:\/\/doninu.eu\/index.php?rest_route=%2Fwp%2Fv2%2Fcomments&post=986"}],"version-history":[{"count":1,"href":"https:\/\/doninu.eu\/index.php?rest_route=\/wp\/v2\/pages\/986\/revisions"}],"predecessor-version":[{"id":989,"href":"https:\/\/doninu.eu\/index.php?rest_route=\/wp\/v2\/pages\/986\/revisions\/989"}],"wp:attachment":[{"href":"https:\/\/doninu.eu\/index.php?rest_route=%2Fwp%2Fv2%2Fmedia&parent=986"}],"curies":[{"name":"wp","href":"https:\/\/api.w.org\/{rel}","templated":true}]}}