{"id":990,"date":"2025-05-20T12:07:47","date_gmt":"2025-05-20T12:07:47","guid":{"rendered":"https:\/\/doninu.eu\/?page_id=990"},"modified":"2025-05-20T12:07:47","modified_gmt":"2025-05-20T12:07:47","slug":"quran","status":"publish","type":"page","link":"https:\/\/doninu.eu\/?page_id=990","title":{"rendered":"QURAN"},"content":{"rendered":"\n<div data-wp-interactive=\"core\/file\" class=\"wp-block-file\"><object data-wp-bind--hidden=\"!state.hasPdfPreview\" hidden class=\"wp-block-file__embed\" data=\"https:\/\/doninu.eu\/wp-content\/uploads\/2025\/05\/Quran.pdf\" type=\"application\/pdf\" style=\"width:100%;height:600px\" aria-label=\"Embed of Quran.\"><\/object><a id=\"wp-block-file--media-a16ad069-d848-46cd-9052-b37536f58ac8\" href=\"https:\/\/doninu.eu\/wp-content\/uploads\/2025\/05\/Quran.pdf\">Quran<\/a><a href=\"https:\/\/doninu.eu\/wp-content\/uploads\/2025\/05\/Quran.pdf\" class=\"wp-block-file__button wp-element-button\" download aria-describedby=\"wp-block-file--media-a16ad069-d848-46cd-9052-b37536f58ac8\">Download<\/a><\/div>\n\n\n\n<p><\/p>\n\n\n\n<section id=\"quran-guidance\" style=\"font-family: Arial, sans-serif; max-width: 800px; margin: auto; padding: 20px;\">\n  <h2 style=\"text-align:center;\">Guidance from the Qur\u2019an \/ Gwida mill-Qur\u2019an<\/h2>\n\n  <article>\n    <h3>1. Sincerity in Serving Only for Allah \/ Sincerit\u00e0 fis-Servizz g\u0127al Alla<\/h3>\n    <blockquote>\n      <p><em>\u201cSay, \u2018Indeed, my prayer, my rites of sacrifice, my living and my dying are for Allah, Lord of the worlds.\u2019\u201d<\/em><br\/>\n      <strong>Surah Al-An&#8217;am 6:162<\/strong><\/p>\n      <p><em>\u201cG\u0127id: It-talb tieg\u0127i, is-sagrifi\u010b\u010bji tieg\u0127i, il-\u0127ajja tieg\u0127i u l-mewt tieg\u0127i huma kollha g\u0127al Alla, Sid l-g\u0127e\u017cie\u017c dinja kollha.\u201d<\/em><\/p>\n    <\/blockquote>\n  <\/article>\n\n  <article>\n    <h3>2. Helping Others and Charity \/ G\u0127ajnuna u Karit\u00e0<\/h3>\n    <blockquote>\n      <p><em>\u201cThose who spend their wealth in the cause of Allah, by night and by day, secretly and publicly, they will have their reward with their Lord. No fear will there be concerning them, nor will they grieve.\u201d<\/em><br\/>\n      <strong>Surah Al-Baqarah 2:274<\/strong><\/p>\n      <p><em>\u201cDawk li jonfqu minn \u0121idhom fit-triq ta\u2019 Allah, bil-lejl u bin-nhar, mo\u0127bija u pubblikament, g\u0127andhom il-\u0127las tag\u0127hom ming\u0127and Sidienhom. Ma jkunx hemm bi\u017ca\u2019 g\u0127alihom u lanqas ma jkunu mnikkta.\u201d<\/em><\/p>\n    <\/blockquote>\n  <\/article>\n\n  <article>\n    <h3>3. Doing Good and Justice \/ \u0120ustizzja u \u0120id<\/h3>\n    <blockquote>\n      <p><em>\u201cIndeed, Allah commands justice and the doing of good, and giving to relatives; and forbids immorality, bad conduct, and oppression.\u201d<\/em><br\/>\n      <strong>Surah An-Nahl 16:90<\/strong><\/p>\n      <p><em>\u201cAlla jordna l-\u0121ustizzja, it-twettiq tat-tajjeb, u l-g\u0127oti lill-qraba; u jipprojbixxi l-fuhulija, il-\u0127a\u017cen u l-oppressjoni.\u201d<\/em><\/p>\n    <\/blockquote>\n  <\/article>\n\n  <article>\n    <h3>4. Kindness and Compassion \/ Kompassjoni u \u0120entilezza<\/h3>\n    <blockquote>\n      <p><em>\u201cAnd speak to people good [words]&#8230;\u201d<\/em><br\/>\n      <strong>Surah Al-Baqarah 2:83<\/strong><\/p>\n      <p><em>\u201cU kellmu lin-nies b\u2019mod tajjeb&#8230;\u201d<\/em><\/p>\n    <\/blockquote>\n  <\/article>\n\n  <article>\n    <h3>5. Working Together for Good \/ G\u0127aqda g\u0127all-\u0120id<\/h3>\n    <blockquote>\n      <p><em>\u201cCooperate in righteousness and piety, but do not cooperate in sin and aggression.\u201d<\/em><br\/>\n      <strong>Surah Al-Ma\u2019idah 5:2<\/strong><\/p>\n      <p><em>\u201cG\u0127in lil xulxin fil-\u0121id u l-g\u0127aqda g\u0127all-Alla, imma titg\u0127inux fil-\u0127a\u017cen u l-aggressjoni.\u201d<\/em><\/p>\n    <\/blockquote>\n  <\/article>\n\n  <section style=\"margin-top: 30px; background: #f9f9f9; padding: 20px; border-radius: 8px;\">\n    <h3>Our Commitment \/ Il-Weg\u0127diet Tag\u0127na<\/h3>\n    <p>\n      <strong>English:<\/strong>  \n      At <em>Doninu (Malta) International<\/em>, we serve purely for the sake of Allah, without fear or favoritism. We are servants of charity, and our mission is to help others with love, truth, and dedication \u2014 as commanded in the Qur\u2019an. Allah alone is our leader, and in Him we trust.\n    <\/p>\n    <p>\n      <strong>Maltese:<\/strong>  \n      F\u2019<em>Doninu (Malta) International<\/em>, na\u0127dmu biss g\u0127al Alla, ming\u0127ajr bi\u017ca\u2019 jew tag\u0127wi\u0121 tal-fatti. A\u0127na servi tal-karit\u00e0, u l-missjoni tag\u0127na hi li ng\u0127inu lill-o\u0127rajn b\u2019im\u0127abba, verit\u00e0 u dedikazzjoni \u2014 kif jikkmandana l-Qur\u2019an. Alla hu l-uniku Mexxej tag\u0127na, u Fih npo\u0121\u0121u l-fidu\u010bja tag\u0127na.\n    <\/p>\n  <\/section>\n<\/section>\n","protected":false},"excerpt":{"rendered":"<p>Guidance from the Qur\u2019an \/ Gwida mill-Qur\u2019an 1. Sincerity in Serving Only for Allah \/ Sincerit\u00e0 fis-Servizz g\u0127al Alla \u201cSay, \u2018Indeed, my prayer, my rites of sacrifice, my living and my dying are for Allah, Lord of the worlds.\u2019\u201d Surah Al-An&#8217;am 6:162 \u201cG\u0127id: It-talb tieg\u0127i, is-sagrifi\u010b\u010bji tieg\u0127i, il-\u0127ajja tieg\u0127i u l-mewt tieg\u0127i huma kollha g\u0127al &hellip; <\/p>\n<p class=\"link-more\"><a href=\"https:\/\/doninu.eu\/?page_id=990\" class=\"more-link\">Continue reading<span class=\"screen-reader-text\"> &#8220;QURAN&#8221;<\/span><\/a><\/p>\n","protected":false},"author":1,"featured_media":0,"parent":0,"menu_order":0,"comment_status":"closed","ping_status":"closed","template":"","meta":{"footnotes":""},"class_list":["post-990","page","type-page","status-publish","hentry"],"_links":{"self":[{"href":"https:\/\/doninu.eu\/index.php?rest_route=\/wp\/v2\/pages\/990","targetHints":{"allow":["GET"]}}],"collection":[{"href":"https:\/\/doninu.eu\/index.php?rest_route=\/wp\/v2\/pages"}],"about":[{"href":"https:\/\/doninu.eu\/index.php?rest_route=\/wp\/v2\/types\/page"}],"author":[{"embeddable":true,"href":"https:\/\/doninu.eu\/index.php?rest_route=\/wp\/v2\/users\/1"}],"replies":[{"embeddable":true,"href":"https:\/\/doninu.eu\/index.php?rest_route=%2Fwp%2Fv2%2Fcomments&post=990"}],"version-history":[{"count":1,"href":"https:\/\/doninu.eu\/index.php?rest_route=\/wp\/v2\/pages\/990\/revisions"}],"predecessor-version":[{"id":993,"href":"https:\/\/doninu.eu\/index.php?rest_route=\/wp\/v2\/pages\/990\/revisions\/993"}],"wp:attachment":[{"href":"https:\/\/doninu.eu\/index.php?rest_route=%2Fwp%2Fv2%2Fmedia&parent=990"}],"curies":[{"name":"wp","href":"https:\/\/api.w.org\/{rel}","templated":true}]}}